{"id":8,"date":"2023-03-03T21:25:15","date_gmt":"2023-03-04T02:25:15","guid":{"rendered":"https:\/\/fastcanada.ca\/?page_id=8"},"modified":"2026-02-27T09:37:50","modified_gmt":"2026-02-27T17:37:50","slug":"community-partners","status":"publish","type":"page","link":"https:\/\/fastcanada.ca\/fr\/community-partners\/","title":{"rendered":"Partenaires communautaires"},"content":{"rendered":"<section id=\"banner\" class=\"row fw secondary cp vc_custom_1678638278545\"><div class=\"col col-sm-12\"><div class=\"wrap\">\r\n  <div class=\"obj-image\">\r\n    <div class=\"obj-inner\">\r\n          <div class=\"obj-figure\">\r\n        <img decoding=\"async\" src=\"https:\/\/fastcanada.ca\/wp-content\/uploads\/2023\/03\/cp-banner-shape.svg\" class=\"obj-img attachment-full\" alt=\"\" title=\"cp-banner-forme\" \/>      <\/div>\r\n        <\/div>\r\n  <\/div>\r\n\r\n  \r\n  <div class=\"obj-content ul-img np-img ul-img-col-2\" >\r\n    <div class=\"obj-inner\">\r\n        \r\n          <div class=\"obj-figure\">\r\n        <img decoding=\"async\" src=\"https:\/\/fastcanada.ca\/wp-content\/uploads\/2023\/03\/cp-hero.svg\" class=\"obj-img obj-cover attachment-full\" alt=\"\" title=\"cp-h\u00e9ros\" \/>      <\/div>\r\n    \r\n    \r\n     \r\n      <div class=\"obj-box\">\r\n         \r\n          <div class=\"obj-header\">\r\n            <h1 class=\"obj-title\">Aidez vos clients \u00e0 se pr\u00e9parer \u00e0 l&#039;emploi! <small>The FAST program has been providing skilled immigrants with the resources they need to validate their skills and get career ready since 2016.<\/small><\/h1>\r\n          <\/div>\r\n            \r\n                  <div class=\"obj-context\">\r\n            <ul>\n<li><img decoding=\"async\" class=\"alignnone size-full wp-image-48\" src=\"https:\/\/fastcanada.ca\/wp-content\/uploads\/2023\/03\/money-cash-dollar-coin.svg\" alt=\"\" \/><span>Le programme FAST est 100% gratuit pour<br \/>\npartenaires et clients<\/span><\/li>\n<li><img decoding=\"async\" class=\"alignnone wp-image-66 size-full\" src=\"https:\/\/fastcanada.ca\/wp-content\/uploads\/2023\/03\/Icon-awesome-clipboard-list.svg\" alt=\"\" \/><span>Fournit une culture de travail canadienne<br \/>\nlearning, sector-specific information and<br \/>\n\u00e9valuations, et plus encore<\/span><\/li>\n<li><img decoding=\"async\" class=\"alignnone size-full wp-image-46\" src=\"https:\/\/fastcanada.ca\/wp-content\/uploads\/2023\/03\/leaf.svg\" alt=\"\" \/>Disponible partout au Canada<\/li>\n<li><img decoding=\"async\" class=\"alignnone size-full wp-image-67\" src=\"https:\/\/fastcanada.ca\/wp-content\/uploads\/2023\/03\/Icon-awesome-handshake.svg\" alt=\"\" \/><span>Relie le talent des immigrants qualifi\u00e9s avec<br \/>\ndes employeurs potentiels<\/span><\/li>\n<li><img decoding=\"async\" class=\"alignnone wp-image-68 size-full\" src=\"https:\/\/fastcanada.ca\/wp-content\/uploads\/2023\/03\/Icon-awesome-user-check.svg\" alt=\"\" \/><span>\u00c9value les comp\u00e9tences des immigrants et<br \/>\ncomp\u00e9tences contre les Canadiens<br \/>\nexigences<\/span><\/li>\n<\/ul>\n          <\/div>\r\n        \r\n                  <div class=\"obj-button\">\r\n            <a href=\"&#x6d;&#x61;&#x69;&#x6c;&#x74;&#x6f;&#x3a;&#x66;&#97;&#115;&#116;&#99;&#97;&#110;&#97;da&#64;i&#x65;&#x63;&#x62;&#x63;&#x2e;&#x63;&#x61;\" class=\"obj-link\" >Partenaire avec nous!<\/a>\r\n                      <\/div>\r\n              <\/div>\r\n        <\/div>\r\n  <\/div>\r\n\r\n  <\/div><\/div><\/section><section id=\"refer\" class=\"row vc_custom_1678598058314\"><div class=\"col col-sm-12\"><div class=\"wrap\">\r\n  <div class=\"obj-content center\" >\r\n    <div class=\"obj-inner\">\r\n        \r\n    \r\n    \r\n     \r\n      <div class=\"obj-box\">\r\n         \r\n          <div class=\"obj-header\">\r\n            <h2 class=\"obj-title\">Vous cherchez plus d&#039;informations ou <br> pr\u00eat \u00e0 r\u00e9f\u00e9rer vos clients? <small>Voici quelques documents sur FAST que vous pouvez t\u00e9l\u00e9charger et imprimer pour fournir \u00e0 vos clients !<\/small><\/h2>\r\n          <\/div>\r\n            \r\n        \r\n              <\/div>\r\n        <\/div>\r\n  <\/div>\r\n\r\n  <div class=\"inner-row row\"><div class=\"inner-col col col-sm-12\"><div class=\"inner-wrap\">\r\n  <div class=\"obj-content\" >\r\n    <div class=\"obj-inner\">\r\n        \r\n          <div class=\"obj-figure\">\r\n        <img loading=\"lazy\" decoding=\"async\" width=\"446\" height=\"280\" src=\"https:\/\/fastcanada.ca\/wp-content\/uploads\/2023\/03\/FAST_social_accounting_learn_1.jpg\" class=\"obj-img obj-cover attachment-full\" alt=\"\" title=\"FAST_social_accounting_learn_1\" srcset=\"https:\/\/fastcanada.ca\/wp-content\/uploads\/2023\/03\/FAST_social_accounting_learn_1.jpg 446w, https:\/\/fastcanada.ca\/wp-content\/uploads\/2023\/03\/FAST_social_accounting_learn_1-300x188.jpg 300w\" sizes=\"auto, (max-width: 446px) 100vw, 446px\" \/>      <\/div>\r\n    \r\n    \r\n     \r\n      <div class=\"obj-box\">\r\n         \r\n          <div class=\"obj-header\">\r\n            <h2 class=\"obj-title\">FAST publication sur les r\u00e9seaux sociaux <\/h2>\r\n          <\/div>\r\n            \r\n        \r\n                  <div class=\"obj-button\">\r\n            <a href=\"http:\/\/165.227.43.85\/wp-content\/uploads\/2023\/03\/FAST_SocialMediaPosts.pdf\" class=\"obj-link\" target=\"_blank\">Voir le t\u00e9l\u00e9chargement<\/a>\r\n                      <\/div>\r\n              <\/div>\r\n        <\/div>\r\n  <\/div>\r\n\r\n  \r\n  <div class=\"obj-content\" >\r\n    <div class=\"obj-inner\">\r\n        \r\n          <div class=\"obj-figure\">\r\n        <img loading=\"lazy\" decoding=\"async\" width=\"445\" height=\"280\" src=\"https:\/\/fastcanada.ca\/wp-content\/uploads\/2023\/03\/FAST_onepager.jpg\" class=\"obj-img obj-cover attachment-full\" alt=\"\" title=\"FAST_onepager\" srcset=\"https:\/\/fastcanada.ca\/wp-content\/uploads\/2023\/03\/FAST_onepager.jpg 445w, https:\/\/fastcanada.ca\/wp-content\/uploads\/2023\/03\/FAST_onepager-300x189.jpg 300w\" sizes=\"auto, (max-width: 445px) 100vw, 445px\" \/>      <\/div>\r\n    \r\n    \r\n     \r\n      <div class=\"obj-box\">\r\n         \r\n          <div class=\"obj-header\">\r\n            <h2 class=\"obj-title\">RAPIDE d&#039;une page <\/h2>\r\n          <\/div>\r\n            \r\n        \r\n                  <div class=\"obj-button\">\r\n            <a href=\"https:\/\/fastcanada.ca\/wp-content\/uploads\/2023\/03\/FAST-One-Pager-2023.pdf\" class=\"obj-link\" target=\"_blank\">Voir le t\u00e9l\u00e9chargement<\/a>\r\n                      <\/div>\r\n              <\/div>\r\n        <\/div>\r\n  <\/div>\r\n\r\n  \n\t<div class=\"wpb_text_column wpb_content_element\" >\n\t\t<div class=\"wpb_wrapper\">\n\t\t\t\n\t\t<\/div>\n\t<\/div>\n\n\t<div class=\"wpb_text_column wpb_content_element\" >\n\t\t<div class=\"wpb_wrapper\">\n\t\t\t\n\t\t<\/div>\n\t<\/div>\n\n\t<div class=\"wpb_text_column wpb_content_element\" >\n\t\t<div class=\"wpb_wrapper\">\n\t\t\t\n\t\t<\/div>\n\t<\/div>\n\n\t<div class=\"wpb_text_column wpb_content_element\" >\n\t\t<div class=\"wpb_wrapper\">\n\t\t\t\n\t\t<\/div>\n\t<\/div>\n<\/div><\/div><\/div><\/div><\/div><\/section><section id=\"testimonials\" class=\"row fw reverse mb-60 vc_custom_1678596470586\"><div class=\"col col-sm-12\"><div class=\"wrap\">\r\n  <div class=\"obj-content np-img\" >\r\n    <div class=\"obj-inner\">\r\n        \r\n          <div class=\"obj-figure\">\r\n        <img decoding=\"async\" src=\"https:\/\/fastcanada.ca\/wp-content\/uploads\/2023\/03\/Testimonials-Illustration.svg\" class=\"obj-img obj-cover attachment-full\" alt=\"\" title=\"T\u00e9moignages Illustration\" \/>      <\/div>\r\n    \r\n    \r\n     \r\n      <div class=\"obj-box\">\r\n         \r\n          <div class=\"obj-header\">\r\n            <h2 class=\"obj-title\">T\u00e9moignages <\/h2>\r\n          <\/div>\r\n            \r\n                  <div class=\"obj-context\">\r\n            <p>\u201cWe\u2019ve had the pleasure of having the FAST program present online webinars to our pre-arrival clients. The material in the presentations is always very informative and thorough, as well as fresh and current. These webinars have been very beneficial for our clients, who look forward to and enjoy these events.\u201d<\/p>\n<p><strong>NextStop Canada<\/strong><\/p>\n<p>\u201cWe have found the team at FAST to be very quick, supportive, professional, informative &#8211; and sensitive to the needs and limitations of clients in remote communities. We are grateful for their assistance in answering our clients&#8217; questions and helping them take steps toward their goals.\u201d<\/p>\n<p><strong>Lift Community Services<\/strong><\/p>\n<p>\u201cWe find this program excellent!\u201d<\/p>\n<p><strong>Regina Immigrant Women Centre (RIWC)<\/strong><\/p>\n          <\/div>\r\n        \r\n              <\/div>\r\n        <\/div>\r\n  <\/div>\r\n\r\n  <\/div><\/div><\/section><section id=\"partners\" class=\"row fw reverse mb-30 vc_custom_1678596474468\"><div class=\"col col-sm-12\"><div class=\"wrap\">\r\n  <div class=\"obj-content np-img\" >\r\n    <div class=\"obj-inner\">\r\n        \r\n          <div class=\"obj-figure\">\r\n        <img decoding=\"async\" src=\"https:\/\/fastcanada.ca\/wp-content\/uploads\/2023\/03\/Partner-with-us-illustration.svg\" class=\"obj-img obj-cover attachment-full\" alt=\"\" title=\"Partenaire avec nous illustration\" \/>      <\/div>\r\n    \r\n    \r\n     \r\n      <div class=\"obj-box\">\r\n         \r\n          <div class=\"obj-header\">\r\n            <h2 class=\"obj-title\">Partenaire avec nous\u00a0! <\/h2>\r\n          <\/div>\r\n            \r\n                  <div class=\"obj-context\">\r\n            <p>Partner with FAST today to provide an additional resource that can complement your clients&#8217; professional development and help boost their employability in Canada!<\/p>\n          <\/div>\r\n        \r\n                  <div class=\"obj-button\">\r\n            <a href=\"&#109;&#x61;&#x69;&#108;&#x74;&#x6f;:&#x66;&#x61;s&#116;&#x63;a&#110;&#x61;d&#97;&#x40;i&#101;&#x63;b&#99;&#x2e;&#x63;&#97;\" class=\"obj-link\" >Partenaire avec nous!<\/a>\r\n                      <\/div>\r\n              <\/div>\r\n        <\/div>\r\n  <\/div>\r\n\r\n  <div class=\"inner-row row vc_custom_1678595605311\"><div class=\"inner-col col col-sm-12\"><div class=\"inner-wrap\">\r\n  <div class=\"obj-content\" >\r\n    <div class=\"obj-inner\">\r\n        \r\n    \r\n    \r\n     \r\n      <div class=\"obj-box\">\r\n         \r\n          <div class=\"obj-header\">\r\n            <h2 class=\"obj-title\">Nos partenaires <\/h2>\r\n          <\/div>\r\n            \r\n        \r\n              <\/div>\r\n        <\/div>\r\n  <\/div>\r\n\r\n    <div class=\"obj-images obj-slider\">\r\n    <div class=\"obj-inner swiper\">\r\n      <div class=\"swiper-wrapper\"><div class=\"obj-image swiper-slide\" data-id=\"141\"><img decoding=\"async\" src=\"https:\/\/fastcanada.ca\/wp-content\/uploads\/2023\/03\/battlefords.png\" alt=\"\" \/><\/div><div class=\"obj-image swiper-slide\" data-id=\"142\"><img decoding=\"async\" src=\"https:\/\/fastcanada.ca\/wp-content\/uploads\/2023\/03\/build-on.png\" alt=\"\" \/><\/div><div class=\"obj-image swiper-slide\" data-id=\"143\"><img decoding=\"async\" src=\"https:\/\/fastcanada.ca\/wp-content\/uploads\/2023\/03\/cfbc.svg\" alt=\"\" \/><\/div><div class=\"obj-image swiper-slide\" data-id=\"144\"><img decoding=\"async\" src=\"https:\/\/fastcanada.ca\/wp-content\/uploads\/2023\/03\/colling-wood.png\" alt=\"\" \/><\/div><div class=\"obj-image swiper-slide\" data-id=\"145\"><img decoding=\"async\" src=\"https:\/\/fastcanada.ca\/wp-content\/uploads\/2023\/03\/irsa.png\" alt=\"\" \/><\/div><div class=\"obj-image swiper-slide\" data-id=\"146\"><img decoding=\"async\" src=\"https:\/\/fastcanada.ca\/wp-content\/uploads\/2023\/03\/isans.png\" alt=\"\" \/><\/div><div class=\"obj-image swiper-slide\" data-id=\"148\"><img decoding=\"async\" src=\"https:\/\/fastcanada.ca\/wp-content\/uploads\/2023\/03\/kamloops.png\" alt=\"\" \/><\/div><div class=\"obj-image swiper-slide\" data-id=\"147\"><img decoding=\"async\" src=\"https:\/\/fastcanada.ca\/wp-content\/uploads\/2023\/03\/kababyan.png\" alt=\"\" \/><\/div><div class=\"obj-image swiper-slide\" data-id=\"151\"><img decoding=\"async\" src=\"https:\/\/fastcanada.ca\/wp-content\/uploads\/2023\/03\/multicultrual.png\" alt=\"\" \/><\/div><div class=\"obj-image swiper-slide\" data-id=\"150\"><img decoding=\"async\" src=\"https:\/\/fastcanada.ca\/wp-content\/uploads\/2023\/03\/mosaic.png\" alt=\"\" \/><\/div><div class=\"obj-image swiper-slide\" data-id=\"152\"><img decoding=\"async\" src=\"https:\/\/fastcanada.ca\/wp-content\/uploads\/2023\/03\/new-directions.png\" alt=\"\" \/><\/div><div class=\"obj-image swiper-slide\" data-id=\"157\"><img decoding=\"async\" src=\"https:\/\/fastcanada.ca\/wp-content\/uploads\/2023\/03\/Y-NSC-logo.png\" alt=\"\" \/><\/div><div class=\"obj-image swiper-slide\" data-id=\"154\"><img decoding=\"async\" src=\"https:\/\/fastcanada.ca\/wp-content\/uploads\/2023\/03\/pics.png\" alt=\"\" \/><\/div><div class=\"obj-image swiper-slide\" data-id=\"155\"><img decoding=\"async\" src=\"https:\/\/fastcanada.ca\/wp-content\/uploads\/2023\/03\/riwc.png\" alt=\"\" \/><\/div><div class=\"obj-image swiper-slide\" data-id=\"149\"><img decoding=\"async\" src=\"https:\/\/fastcanada.ca\/wp-content\/uploads\/2023\/03\/medicine-hat.png\" alt=\"\" \/><\/div><div class=\"obj-image swiper-slide\" data-id=\"156\"><img decoding=\"async\" src=\"https:\/\/fastcanada.ca\/wp-content\/uploads\/2023\/03\/smithers.png\" alt=\"\" \/><\/div><div class=\"obj-image swiper-slide\" data-id=\"153\"><img decoding=\"async\" src=\"https:\/\/fastcanada.ca\/wp-content\/uploads\/2023\/03\/nsc.png\" alt=\"\" \/><\/div><div class=\"obj-image swiper-slide\" data-id=\"828\"><img decoding=\"async\" src=\"https:\/\/fastcanada.ca\/wp-content\/uploads\/2023\/04\/SSC-Logo-NEW-scaled-e1681750525592.jpg\" alt=\"\" \/><\/div><div class=\"obj-image swiper-slide\" data-id=\"831\"><img decoding=\"async\" src=\"https:\/\/fastcanada.ca\/wp-content\/uploads\/2023\/04\/logo-vwat-e1681750648938.png\" alt=\"\" \/><\/div><div class=\"obj-image swiper-slide\" data-id=\"819\"><img decoding=\"async\" src=\"https:\/\/fastcanada.ca\/wp-content\/uploads\/2023\/04\/EDGE-Logo-e1681750088960.png\" alt=\"\" \/><\/div><\/div><div class=\"swiper-button-prev\"><\/div><div class=\"swiper-button-next\"><\/div>    <\/div>\r\n  <\/div>\r\n  <\/div><\/div><\/div><\/div><\/div><\/section>","protected":false},"excerpt":{"rendered":"Help your clients get ready for employment! The FAST program has been providing skilled immigrants with the resources they need to validate their skills and get career ready since 2016. The FAST program is 100% free for partners and clients Provides Canadian workplace culture learning, sector-specific information and assessments, and more Available Canada wide Connects [...]","protected":false},"author":8,"featured_media":0,"parent":0,"menu_order":2,"comment_status":"closed","ping_status":"closed","template":"","meta":{"_acf_changed":false,"footnotes":""},"class_list":["post-8","page","type-page","status-publish","hentry"],"acf":[],"_links":{"self":[{"href":"https:\/\/fastcanada.ca\/fr\/wp-json\/wp\/v2\/pages\/8","targetHints":{"allow":["GET"]}}],"collection":[{"href":"https:\/\/fastcanada.ca\/fr\/wp-json\/wp\/v2\/pages"}],"about":[{"href":"https:\/\/fastcanada.ca\/fr\/wp-json\/wp\/v2\/types\/page"}],"author":[{"embeddable":true,"href":"https:\/\/fastcanada.ca\/fr\/wp-json\/wp\/v2\/users\/8"}],"replies":[{"embeddable":true,"href":"https:\/\/fastcanada.ca\/fr\/wp-json\/wp\/v2\/comments?post=8"}],"version-history":[{"count":20,"href":"https:\/\/fastcanada.ca\/fr\/wp-json\/wp\/v2\/pages\/8\/revisions"}],"predecessor-version":[{"id":1273,"href":"https:\/\/fastcanada.ca\/fr\/wp-json\/wp\/v2\/pages\/8\/revisions\/1273"}],"wp:attachment":[{"href":"https:\/\/fastcanada.ca\/fr\/wp-json\/wp\/v2\/media?parent=8"}],"curies":[{"name":"wp","href":"https:\/\/api.w.org\/{rel}","templated":true}]}}