{"id":6,"date":"2023-03-03T21:25:15","date_gmt":"2023-03-04T02:25:15","guid":{"rendered":"https:\/\/fastcanada.ca\/?page_id=6"},"modified":"2026-02-24T16:28:51","modified_gmt":"2026-02-25T00:28:51","slug":"employers","status":"publish","type":"page","link":"https:\/\/fastcanada.ca\/fr\/employers\/","title":{"rendered":"Employeurs"},"content":{"rendered":"<section id=\"banner\" class=\"row fw secondary employers mb-120 vc_custom_1678562281644\"><div class=\"col col-sm-12\"><div class=\"wrap\">\r\n  <div class=\"obj-content ul-img np-img\" >\r\n    <div class=\"obj-inner\">\r\n        \r\n          <div class=\"obj-figure\">\r\n        <img decoding=\"async\" src=\"https:\/\/fastcanada.ca\/wp-content\/uploads\/2023\/03\/employers-hero.svg\" class=\"obj-img obj-cover attachment-full\" alt=\"\" title=\"employeurs-h\u00e9ros\" \/>      <\/div>\r\n    \r\n    \r\n     \r\n      <div class=\"obj-box\">\r\n         \r\n          <div class=\"obj-header\">\r\n            <h1 class=\"obj-title\">Que peut faire FAST pour les employeurs canadiens? <small>Le programme FAST met en relation des employeurs avec des immigrants talentueux depuis 2016. Commencez d\u00e8s aujourd&#039;hui pour rencontrer le talent que vous recherchez !<\/small><\/h1>\r\n          <\/div>\r\n            \r\n                  <div class=\"obj-context\">\r\n            <ul>\n<li><img decoding=\"async\" class=\"alignnone size-full wp-image-48\" src=\"https:\/\/fastcanada.ca\/wp-content\/uploads\/2023\/03\/money-cash-dollar-coin.svg\" alt=\"\" \/>Le partenariat avec FAST est 100% gratuit<\/li>\n<li><img decoding=\"async\" class=\"alignnone wp-image-68 size-full\" src=\"https:\/\/fastcanada.ca\/wp-content\/uploads\/2023\/03\/Icon-awesome-user-check.svg\" alt=\"\" \/><span>Acc\u00e9der \u00e0 des immigrants qualifi\u00e9s<br \/>\ntalent en recherche d&#039;emploi<\/span><\/li>\n<li><img decoding=\"async\" class=\"alignnone size-full wp-image-70\" src=\"https:\/\/fastcanada.ca\/wp-content\/uploads\/2023\/03\/Icon-material-message.svg\" alt=\"\" \/><span>Connectez-vous avec des talents gr\u00e2ce \u00e0 des<br \/>\n\u00e9v\u00e9nements de connexion et de r\u00e9seautage<\/span><\/li>\n<\/ul>\n          <\/div>\r\n        \r\n                  <div class=\"obj-button\">\r\n            <a href=\"&#x6d;&#x61;&#x69;&#x6c;&#x74;&#x6f;&#x3a;&#x66;&#x61;&#x73;&#x74;&#x63;&#x61;&#x6e;&#x61;&#x64;&#x61;&#x40;&#x69;&#x65;&#x63;&#x62;&#x63;&#x2e;&#x63;&#x61;\" class=\"obj-link\" >Employer Registration<\/a>\r\n                      <\/div>\r\n              <\/div>\r\n        <\/div>\r\n  <\/div>\r\n\r\n  <\/div><\/div><\/section><section class=\"row mb-120 vc_custom_1678561216097\"><div class=\"col col-sm-12\"><div class=\"wrap\">\r\n  <div class=\"obj-content center\" >\r\n    <div class=\"obj-inner\">\r\n        \r\n    \r\n    \r\n     \r\n      <div class=\"obj-box\">\r\n         \r\n          <div class=\"obj-header\">\r\n            <h2 class=\"obj-title\">Jetez un oeil \u00e0 certains de <br> our Connection Events! <\/h2>\r\n          <\/div>\r\n            \r\n        \r\n              <\/div>\r\n        <\/div>\r\n  <\/div>\r\n\r\n    <div class=\"obj-images img-col-3\">\r\n    <div class=\"obj-inner\">\r\n      <div class=\"obj-image\" data-id=\"163\"><img decoding=\"async\" src=\"https:\/\/fastcanada.ca\/wp-content\/uploads\/2023\/03\/MG_6299.jpg\" alt=\"\" \/><\/div><div class=\"obj-image\" data-id=\"162\"><img decoding=\"async\" src=\"https:\/\/fastcanada.ca\/wp-content\/uploads\/2023\/03\/MG_6548.jpg\" alt=\"\" \/><\/div><div class=\"obj-image\" data-id=\"161\"><img decoding=\"async\" src=\"https:\/\/fastcanada.ca\/wp-content\/uploads\/2023\/03\/MG_6110.jpg\" alt=\"\" \/><\/div>    <\/div>\r\n  <\/div>\r\n  <\/div><\/div><\/section><section id=\"steps\" class=\"row employers mb-60 vc_custom_1685134752215\"><div class=\"col col-sm-12\"><div class=\"wrap\">\r\n  <div class=\"obj-content center\" >\r\n    <div class=\"obj-inner\">\r\n        \r\n    \r\n    \r\n     \r\n      <div class=\"obj-box\">\r\n         \r\n          <div class=\"obj-header\">\r\n            <h2 class=\"obj-title\">Comment \u00e7a marche? <small>Connect with skilled talent in three easy steps!<\/small><\/h2>\r\n          <\/div>\r\n            \r\n        \r\n              <\/div>\r\n        <\/div>\r\n  <\/div>\r\n\r\n  <div class=\"inner-row row vc_custom_1678233966639\"><div class=\"inner-col col col-sm-12\"><div class=\"inner-wrap\">\r\n  <div class=\"obj-content\" >\r\n    <div class=\"obj-inner\">\r\n        \r\n          <div class=\"obj-figure\">\r\n        <img decoding=\"async\" src=\"https:\/\/fastcanada.ca\/wp-content\/uploads\/2023\/03\/step-1.svg\" class=\"obj-img obj-cover attachment-full\" alt=\"\" title=\"\u00e9tape 1\" \/>      <\/div>\r\n    \r\n    \r\n     \r\n      <div class=\"obj-box\">\r\n         \r\n          <div class=\"obj-header\">\r\n            <h2 class=\"obj-title\">Enregistrer <\/h2>\r\n          <\/div>\r\n            \r\n                  <div class=\"obj-context\">\r\n            <p>Compl\u00e9tez notre demande d&#039;inscription pour<br \/>\nfournir des d\u00e9tails sur votre organisation<br \/>\net les besoins en talents.<\/p>\n          <\/div>\r\n        \r\n              <\/div>\r\n        <\/div>\r\n  <\/div>\r\n\r\n  \r\n  <div class=\"obj-content\" >\r\n    <div class=\"obj-inner\">\r\n        \r\n          <div class=\"obj-figure\">\r\n        <img decoding=\"async\" src=\"https:\/\/fastcanada.ca\/wp-content\/uploads\/2023\/03\/step-5.svg\" class=\"obj-img obj-cover attachment-full\" alt=\"\" title=\"\u00e9tape-5\" \/>      <\/div>\r\n    \r\n    \r\n     \r\n      <div class=\"obj-box\">\r\n         \r\n          <div class=\"obj-header\">\r\n            <h2 class=\"obj-title\">Connectez-vous avec des talents <\/h2>\r\n          <\/div>\r\n            \r\n                  <div class=\"obj-context\">\r\n            <p>Gain access to our online job board to post<br \/>\navailable work opportunities.<\/p>\n<p>Request information about qualified FAST<br \/>\nparticipants that may best fit your needs.<\/p>\n          <\/div>\r\n        \r\n              <\/div>\r\n        <\/div>\r\n  <\/div>\r\n\r\n  \r\n  <div class=\"obj-content\" >\r\n    <div class=\"obj-inner\">\r\n        \r\n          <div class=\"obj-figure\">\r\n        <img decoding=\"async\" src=\"https:\/\/fastcanada.ca\/wp-content\/uploads\/2023\/03\/step-4.svg\" class=\"obj-img obj-cover attachment-full\" alt=\"\" title=\"\u00e9tape 4\" \/>      <\/div>\r\n    \r\n    \r\n     \r\n      <div class=\"obj-box\">\r\n         \r\n          <div class=\"obj-header\">\r\n            <h2 class=\"obj-title\">\u00catre impliqu\u00e9 <\/h2>\r\n          <\/div>\r\n            \r\n                  <div class=\"obj-context\">\r\n            <p>Join connection and networking events<br \/>\n(virtual and in-person).<\/p>\n<p>Become a mentor and help prepare immigrant talent for work in their sector through guidance and insight.<\/p>\n          <\/div>\r\n        \r\n              <\/div>\r\n        <\/div>\r\n  <\/div>\r\n\r\n    <div class=\"obj-images\">\r\n    <div class=\"obj-inner\">\r\n      <div class=\"obj-image\" data-id=\"164\"><img decoding=\"async\" src=\"https:\/\/fastcanada.ca\/wp-content\/uploads\/2023\/03\/employer-shape-2.svg\" alt=\"\" \/><\/div><div class=\"obj-image\" data-id=\"158\"><img decoding=\"async\" src=\"https:\/\/fastcanada.ca\/wp-content\/uploads\/2023\/03\/employer-shape-1.svg\" alt=\"\" \/><\/div>    <\/div>\r\n  <\/div>\r\n  <\/div><\/div><\/div>\r\n  <div class=\"obj-content flex-center\" >\r\n    <div class=\"obj-inner\">\r\n        \r\n    \r\n    \r\n     \r\n      <div class=\"obj-box\">\r\n            \r\n        \r\n                  <div class=\"obj-button\">\r\n            <a href=\"mailto: &#102;a&#x73;t&#x63;&#97;&#x6e;&#97;&#x64;&#97;&#64;&#x69;e&#x63;&#98;&#x63;&#46;&#x63;&#97;\" class=\"obj-link\" >S&#039;inscrire maintenant!<\/a>\r\n                      <\/div>\r\n              <\/div>\r\n        <\/div>\r\n  <\/div>\r\n\r\n  <\/div><\/div><\/section><section id=\"partners\" class=\"row fw mb-30 vc_custom_1678596103334\"><div class=\"col col-sm-12\"><div class=\"wrap\">\r\n  <div class=\"obj-content np-img\" >\r\n    <div class=\"obj-inner\">\r\n        \r\n          <div class=\"obj-figure\">\r\n        <img decoding=\"async\" src=\"https:\/\/fastcanada.ca\/wp-content\/uploads\/2023\/03\/Partner-with-us-illustration.svg\" class=\"obj-img obj-cover attachment-full\" alt=\"\" title=\"Partenaire avec nous illustration\" \/>      <\/div>\r\n    \r\n    \r\n     \r\n      <div class=\"obj-box\">\r\n         \r\n          <div class=\"obj-header\">\r\n            <h2 class=\"obj-title\">Partenaire avec nous\u00a0! <\/h2>\r\n          <\/div>\r\n            \r\n                  <div class=\"obj-context\">\r\n            <p>En vous associant \u00e0 nous, vous pouvez avoir acc\u00e8s \u00e0 des talents qualifi\u00e9s et la capacit\u00e9 de nous aider \u00e0 d\u00e9velopper du mat\u00e9riel d&#039;\u00e9valuation qui pr\u00e9parera mieux les immigrants \u00e0 la main-d&#039;\u0153uvre canadienne.<\/p>\n          <\/div>\r\n        \r\n                  <div class=\"obj-button\">\r\n            <a href=\"mailto: &#102;&#x61;&#115;&#x74;&#99;&#x61;&#110;&#x61;&#100;&#x61;&#64;&#x69;e&#x63;b&#x63;&#46;&#x63;a\" class=\"obj-link\" >Partenaire avec nous!<\/a>\r\n                      <\/div>\r\n              <\/div>\r\n        <\/div>\r\n  <\/div>\r\n\r\n  <div class=\"inner-row row vc_custom_1678595605311\"><div class=\"inner-col col col-sm-12\"><div class=\"inner-wrap\">\r\n  <div class=\"obj-content\" >\r\n    <div class=\"obj-inner\">\r\n        \r\n    \r\n    \r\n     \r\n      <div class=\"obj-box\">\r\n         \r\n          <div class=\"obj-header\">\r\n            <h2 class=\"obj-title\">Nos partenaires <\/h2>\r\n          <\/div>\r\n            \r\n        \r\n              <\/div>\r\n        <\/div>\r\n  <\/div>\r\n\r\n    <div class=\"obj-images obj-slider\">\r\n    <div class=\"obj-inner swiper\">\r\n      <div class=\"swiper-wrapper\"><div class=\"obj-image swiper-slide\" data-id=\"141\"><img decoding=\"async\" src=\"https:\/\/fastcanada.ca\/wp-content\/uploads\/2023\/03\/battlefords.png\" alt=\"\" \/><\/div><div class=\"obj-image swiper-slide\" data-id=\"142\"><img decoding=\"async\" src=\"https:\/\/fastcanada.ca\/wp-content\/uploads\/2023\/03\/build-on.png\" alt=\"\" \/><\/div><div class=\"obj-image swiper-slide\" data-id=\"143\"><img decoding=\"async\" src=\"https:\/\/fastcanada.ca\/wp-content\/uploads\/2023\/03\/cfbc.svg\" alt=\"\" \/><\/div><div class=\"obj-image swiper-slide\" data-id=\"144\"><img decoding=\"async\" src=\"https:\/\/fastcanada.ca\/wp-content\/uploads\/2023\/03\/colling-wood.png\" alt=\"\" \/><\/div><div class=\"obj-image swiper-slide\" data-id=\"145\"><img decoding=\"async\" src=\"https:\/\/fastcanada.ca\/wp-content\/uploads\/2023\/03\/irsa.png\" alt=\"\" \/><\/div><div class=\"obj-image swiper-slide\" data-id=\"146\"><img decoding=\"async\" src=\"https:\/\/fastcanada.ca\/wp-content\/uploads\/2023\/03\/isans.png\" alt=\"\" \/><\/div><div class=\"obj-image swiper-slide\" data-id=\"148\"><img decoding=\"async\" src=\"https:\/\/fastcanada.ca\/wp-content\/uploads\/2023\/03\/kamloops.png\" alt=\"\" \/><\/div><div class=\"obj-image swiper-slide\" data-id=\"147\"><img decoding=\"async\" src=\"https:\/\/fastcanada.ca\/wp-content\/uploads\/2023\/03\/kababyan.png\" alt=\"\" \/><\/div><div class=\"obj-image swiper-slide\" data-id=\"151\"><img decoding=\"async\" src=\"https:\/\/fastcanada.ca\/wp-content\/uploads\/2023\/03\/multicultrual.png\" alt=\"\" \/><\/div><div class=\"obj-image swiper-slide\" data-id=\"150\"><img decoding=\"async\" src=\"https:\/\/fastcanada.ca\/wp-content\/uploads\/2023\/03\/mosaic.png\" alt=\"\" \/><\/div><div class=\"obj-image swiper-slide\" data-id=\"152\"><img decoding=\"async\" src=\"https:\/\/fastcanada.ca\/wp-content\/uploads\/2023\/03\/new-directions.png\" alt=\"\" \/><\/div><div class=\"obj-image swiper-slide\" data-id=\"157\"><img decoding=\"async\" src=\"https:\/\/fastcanada.ca\/wp-content\/uploads\/2023\/03\/Y-NSC-logo.png\" alt=\"\" \/><\/div><div class=\"obj-image swiper-slide\" data-id=\"154\"><img decoding=\"async\" src=\"https:\/\/fastcanada.ca\/wp-content\/uploads\/2023\/03\/pics.png\" alt=\"\" \/><\/div><div class=\"obj-image swiper-slide\" data-id=\"155\"><img decoding=\"async\" src=\"https:\/\/fastcanada.ca\/wp-content\/uploads\/2023\/03\/riwc.png\" alt=\"\" \/><\/div><div class=\"obj-image swiper-slide\" data-id=\"149\"><img decoding=\"async\" src=\"https:\/\/fastcanada.ca\/wp-content\/uploads\/2023\/03\/medicine-hat.png\" alt=\"\" \/><\/div><div class=\"obj-image swiper-slide\" data-id=\"156\"><img decoding=\"async\" src=\"https:\/\/fastcanada.ca\/wp-content\/uploads\/2023\/03\/smithers.png\" alt=\"\" \/><\/div><div class=\"obj-image swiper-slide\" data-id=\"153\"><img decoding=\"async\" src=\"https:\/\/fastcanada.ca\/wp-content\/uploads\/2023\/03\/nsc.png\" alt=\"\" \/><\/div><\/div><div class=\"swiper-button-prev\"><\/div><div class=\"swiper-button-next\"><\/div>    <\/div>\r\n  <\/div>\r\n  <\/div><\/div><\/div><\/div><\/div><\/section>","protected":false},"excerpt":{"rendered":"What can FAST do for Canadian Employers? The FAST program has been connecting employers with skilled immigrant talent since 2016. Get started today to meet the talent you've been looking for! Partnering with FAST is 100% free Gain access to skilled immigrant talent looking for work Connect with talent through regular connection and networking events [...]","protected":false},"author":8,"featured_media":0,"parent":0,"menu_order":2,"comment_status":"closed","ping_status":"closed","template":"","meta":{"_acf_changed":false,"footnotes":""},"class_list":["post-6","page","type-page","status-publish","hentry"],"acf":[],"_links":{"self":[{"href":"https:\/\/fastcanada.ca\/fr\/wp-json\/wp\/v2\/pages\/6","targetHints":{"allow":["GET"]}}],"collection":[{"href":"https:\/\/fastcanada.ca\/fr\/wp-json\/wp\/v2\/pages"}],"about":[{"href":"https:\/\/fastcanada.ca\/fr\/wp-json\/wp\/v2\/types\/page"}],"author":[{"embeddable":true,"href":"https:\/\/fastcanada.ca\/fr\/wp-json\/wp\/v2\/users\/8"}],"replies":[{"embeddable":true,"href":"https:\/\/fastcanada.ca\/fr\/wp-json\/wp\/v2\/comments?post=6"}],"version-history":[{"count":21,"href":"https:\/\/fastcanada.ca\/fr\/wp-json\/wp\/v2\/pages\/6\/revisions"}],"predecessor-version":[{"id":1256,"href":"https:\/\/fastcanada.ca\/fr\/wp-json\/wp\/v2\/pages\/6\/revisions\/1256"}],"wp:attachment":[{"href":"https:\/\/fastcanada.ca\/fr\/wp-json\/wp\/v2\/media?parent=6"}],"curies":[{"name":"wp","href":"https:\/\/api.w.org\/{rel}","templated":true}]}}