{"id":2,"date":"2023-03-03T20:58:51","date_gmt":"2023-03-04T01:58:51","guid":{"rendered":"https:\/\/fastcanada.ca\/?page_id=2"},"modified":"2025-12-15T13:14:03","modified_gmt":"2025-12-15T21:14:03","slug":"home","status":"publish","type":"page","link":"https:\/\/fastcanada.ca\/fr\/","title":{"rendered":"Immigration"},"content":{"rendered":"<section class=\"row\"><div class=\"col col-sm-12\"><div class=\"wrap\"><div class=\"vc_message_box vc_message_box-standard vc_message_box-square vc_color-success wpb_animate_when_almost_visible wpb_appear appear\" ><div class=\"vc_message_box-icon\"><i class=\"fas fa-star\"><\/i><\/div><p><strong>&#8220;Prepare for Work in Canada&#8221; stand-alone module\u00a0<\/strong><\/p>\n<p>Get ready for your Canadian career by learning about workplace culture, employer expectations, and essential skills to help you accelerate your employment.<\/p>\n<p>Learn more about this module <a href=\"https:\/\/fastcanada.ca\/fast-sectors\/\">here.<\/a><\/p>\n<p>Don&#8217;t miss this opportunity ! It&#8217;s 100% free ! Register in the program <a href=\"https:\/\/fast.iecbclearning.ca\/\">here<\/a>.<\/p>\n<\/div><\/div><\/div><\/section><section class=\"row\"><div class=\"col col-sm-4\"><div class=\"wrap\"><\/div><\/div><div class=\"col col-sm-4\"><div class=\"wrap\"><\/div><\/div><\/section><section id=\"banner\" class=\"row fw mb-90 vc_custom_1678413683790\"><div class=\"col col-sm-12\"><div class=\"wrap\">\r\n  <div class=\"obj-content ul-img np-img\" >\r\n    <div class=\"obj-inner\">\r\n        \r\n          <div class=\"obj-figure\">\r\n        <img decoding=\"async\" src=\"https:\/\/fastcanada.ca\/wp-content\/uploads\/2023\/03\/Hero-Illustration.svg\" class=\"obj-img obj-cover attachment-full\" alt=\"\" title=\"H\u00e9ros Illustration\" \/>      <\/div>\r\n    \r\n    \r\n     \r\n      <div class=\"obj-box\">\r\n         \r\n          <div class=\"obj-header\">\r\n            <h1 class=\"obj-title\">Vous d\u00e9m\u00e9nagez ou vous venez d&#039;arriver au Canada et vous cherchez un emploi? <small>Le programme FAST a quelque chose pour vous !<\/small><\/h1>\r\n          <\/div>\r\n            \r\n                  <div class=\"obj-context\">\r\n            <ul>\n<li><img decoding=\"async\" class=\"alignnone size-full wp-image-48\" src=\"https:\/\/fastcanada.ca\/wp-content\/uploads\/2023\/03\/money-cash-dollar-coin.svg\" alt=\"\" \/>The FAST program is 100% free<\/li>\n<li><img decoding=\"async\" class=\"alignnone size-full wp-image-46\" src=\"https:\/\/fastcanada.ca\/wp-content\/uploads\/2023\/03\/leaf.svg\" alt=\"\" \/>Disponible partout au Canada<\/li>\n<li><strong><img loading=\"lazy\" decoding=\"async\" class=\"alignnone wp-image-1149\" src=\"https:\/\/fastcanada.ca\/wp-content\/uploads\/2024\/06\/new.png\" alt=\"\" width=\"46\" height=\"46\" srcset=\"https:\/\/fastcanada.ca\/wp-content\/uploads\/2024\/06\/new.png 180w, https:\/\/fastcanada.ca\/wp-content\/uploads\/2024\/06\/new-150x150.png 150w, https:\/\/fastcanada.ca\/wp-content\/uploads\/2024\/06\/new-12x12.png 12w\" sizes=\"auto, (max-width: 46px) 100vw, 46px\" \/>NEW<\/strong>\u00a0 Extended Eligibility<\/li>\n<\/ul>\n          <\/div>\r\n        \r\n                  <div class=\"obj-button\">\r\n            <a href=\"https:\/\/fast.iecbclearning.ca\/login\/index.php\" class=\"obj-link\" target=\"_blank\">Inscrivez-vous aujourd&#039;hui!<\/a>\r\n                        <a href=\"#video\" class=\"obj-link\" >Voir en action<\/a>\r\n                      <\/div>\r\n              <\/div>\r\n        <\/div>\r\n  <\/div>\r\n\r\n  \n\t<div class=\"wpb_video_widget wpb_content_element vc_clearfix   vc_video-aspect-ratio-169 vc_video-el-width-100 vc_video-align-left\" >\n\t\t<div class=\"wpb_wrapper\">\n\t\t\t\n\t\t\t<div class=\"wpb_video_wrapper\"><iframe loading=\"lazy\" title=\"Is FAST a fit for you?\" width=\"500\" height=\"281\" src=\"https:\/\/www.youtube.com\/embed\/XvHUedbJWv8?feature=oembed\" frameborder=\"0\" allow=\"accelerometer; autoplay; clipboard-write; encrypted-media; gyroscope; picture-in-picture; web-share\" referrerpolicy=\"strict-origin-when-cross-origin\" allowfullscreen><\/iframe><\/div>\n\t\t<\/div>\n\t<\/div>\n<\/div><\/div><\/section><section class=\"row mb-90 vc_custom_1678508213744\"><div class=\"col col-sm-12\"><div class=\"wrap\">\r\n  <div class=\"obj-content ul-600 ul-check h-center ul-col-2\" >\r\n    <div class=\"obj-inner\">\r\n        \r\n    \r\n    \r\n     \r\n      <div class=\"obj-box\">\r\n         \r\n          <div class=\"obj-header\">\r\n            <h2 class=\"obj-title\">Suis-je \u00e9ligible ? <small>You are eligible for FAST if you are:<\/small><\/h2>\r\n          <\/div>\r\n            \r\n                  <div class=\"obj-context\">\r\n            <ul>\n<li>Immigrants who have permanent resident status or have been approved in principle for PR status<\/li>\n<li>Refugees, including Ukrainians<\/li>\n<li>International students<\/li>\n<li>Skilled Immigrants with a valid Work Permit<\/li>\n<li>Canadian Citizens (including immigrants who have received their citizenship and are still on their career pathfinding journey)<\/li>\n<\/ul>\n          <\/div>\r\n        \r\n              <\/div>\r\n        <\/div>\r\n  <\/div>\r\n\r\n  <\/div><\/div><\/section><section id=\"benefit\" class=\"row fw mb-90 vc_custom_1678509328180\"><div class=\"col col-sm-12\"><div class=\"wrap\">\r\n  <div class=\"obj-content ul-img np-img h-center\" >\r\n    <div class=\"obj-inner\">\r\n        \r\n          <div class=\"obj-figure\">\r\n        <img decoding=\"async\" src=\"https:\/\/fastcanada.ca\/wp-content\/uploads\/2023\/03\/Success-Illustration.svg\" class=\"obj-img obj-cover attachment-full\" alt=\"\" title=\"Illustration de r\u00e9ussite\" \/>      <\/div>\r\n    \r\n    \r\n     \r\n      <div class=\"obj-box\">\r\n         \r\n          <div class=\"obj-header\">\r\n            <h2 class=\"obj-title\">Comment cela me profitera-t-il\u00a0? <\/h2>\r\n          <\/div>\r\n            \r\n                  <div class=\"obj-context\">\r\n            <ul>\n<li><img decoding=\"async\" class=\"alignnone size-full wp-image-48\" src=\"https:\/\/fastcanada.ca\/wp-content\/uploads\/2023\/03\/money-cash-dollar-coin.svg\" alt=\"\" \/>FAST est 100% gratuit<\/li>\n<li><img decoding=\"async\" class=\"alignnone size-full wp-image-68\" src=\"https:\/\/fastcanada.ca\/wp-content\/uploads\/2023\/03\/Icon-awesome-user-check.svg\" alt=\"\" \/>Valide que vous \u00eates comp\u00e9tent dans votre secteur et pr\u00eat \u00e0 travailler au Canada<\/li>\n<li><img decoding=\"async\" class=\"alignnone size-full wp-image-66\" src=\"https:\/\/fastcanada.ca\/wp-content\/uploads\/2023\/03\/Icon-awesome-clipboard-list.svg\" alt=\"\" \/><span>Provides Canadian workplace culture learning, sector-specific information<br \/>\net \u00e9valuations, et des modules d&#039;apprentissage de l&#039;histoire autochtone<\/span><\/li>\n<li><img decoding=\"async\" class=\"alignnone size-full wp-image-69\" src=\"https:\/\/fastcanada.ca\/wp-content\/uploads\/2023\/03\/Icon-material-event.svg\" alt=\"\" \/>\u00c9v\u00e9nements de connexion et de r\u00e9seautage <em>(available in select provinces)<\/em><\/li>\n<li><img decoding=\"async\" class=\"alignnone size-full wp-image-67\" src=\"https:\/\/fastcanada.ca\/wp-content\/uploads\/2023\/03\/Icon-awesome-handshake.svg\" alt=\"\" \/>Rencontrer des employeurs potentiels <em>(available through select streams)<\/em><\/li>\n<\/ul>\n          <\/div>\r\n        \r\n              <\/div>\r\n        <\/div>\r\n  <\/div>\r\n\r\n  <\/div><\/div><\/section><section class=\"row mb-90 vc_custom_1678512749354\"><div class=\"col col-sm-12\"><div class=\"wrap\">\r\n  <div class=\"obj-content ul-img ul-img-2 h-center fast-assessment\" >\r\n    <div class=\"obj-inner\">\r\n        \r\n    \r\n    \r\n     \r\n      <div class=\"obj-box\">\r\n         \r\n          <div class=\"obj-header\">\r\n            <h2 class=\"obj-title\">Available FAST Streams <small>Le programme FAST offre actuellement des modules d&#039;apprentissage et <br> \u00e9valuations dans les secteurs suivants :<\/small><\/h2>\r\n          <\/div>\r\n            \r\n                  <div class=\"obj-context\">\r\n            <ul>\n<li><img decoding=\"async\" class=\"alignnone size-full wp-image-45\" src=\"https:\/\/fastcanada.ca\/wp-content\/uploads\/2023\/03\/interface-setting-wrench.svg\" alt=\"\" \/>M\u00e9tiers sp\u00e9cialis\u00e9s\n<ul>\n<li><em>Temporarily Unavailable &#8211; Curriculum Updates in Progress<\/em><\/li>\n<\/ul>\n<\/li>\n<li><img decoding=\"async\" class=\"alignnone size-full wp-image-58\" src=\"https:\/\/fastcanada.ca\/wp-content\/uploads\/2023\/03\/food-kitchenware-fork-spoon.svg\" alt=\"\" \/>Arts culinaires<\/li>\n<li><img decoding=\"async\" class=\"alignnone size-full wp-image-57\" src=\"https:\/\/fastcanada.ca\/wp-content\/uploads\/2023\/03\/biotech.svg\" alt=\"\" \/>Biotechnologie et sciences de la vie<\/li>\n<li><img decoding=\"async\" class=\"alignnone size-full wp-image-47\" src=\"https:\/\/fastcanada.ca\/wp-content\/uploads\/2023\/03\/money-cash-briefcase-dollar.svg\" alt=\"\" \/>Comptabilit\u00e9 et Finance<\/li>\n<li><img decoding=\"async\" class=\"alignnone size-full wp-image-49\" src=\"https:\/\/fastcanada.ca\/wp-content\/uploads\/2023\/03\/programming-browser-code-2.svg\" alt=\"\" \/>Services informatiques et de donn\u00e9es<\/li>\n<li><img decoding=\"async\" class=\"alignnone size-full wp-image-50\" src=\"https:\/\/fastcanada.ca\/wp-content\/uploads\/2023\/03\/SeniorsCare.svg\" alt=\"\" \/>Soins aux personnes \u00e2g\u00e9es\n<ul>\n<li><em>Available to residents of British Columbia<\/em><\/li>\n<\/ul>\n<\/li>\n<li><img loading=\"lazy\" decoding=\"async\" class=\"wp-image-1129 alignnone\" src=\"https:\/\/fastcanada.ca\/wp-content\/uploads\/2024\/06\/bag-1.png\" alt=\"\" width=\"74\" height=\"74\" srcset=\"https:\/\/fastcanada.ca\/wp-content\/uploads\/2024\/06\/bag-1.png 96w, https:\/\/fastcanada.ca\/wp-content\/uploads\/2024\/06\/bag-1-12x12.png 12w\" sizes=\"auto, (max-width: 74px) 100vw, 74px\" \/> Prepare for Work in Canada\n<ul>\n<li><strong>NEW<\/strong> Standalone Module<\/li>\n<\/ul>\n<\/li>\n<\/ul>\n<p>Vous ne savez pas quel secteur correspond \u00e0 votre formation et \u00e0 votre exp\u00e9rience\u00a0? <a href=\"https:\/\/fastcanada.ca\/fast-sectors\/\">Cliquez ici pour en savoir plus!\u00a0<\/a><\/p>\n          <\/div>\r\n        \r\n              <\/div>\r\n        <\/div>\r\n  <\/div>\r\n\r\n  <\/div><\/div><\/section><section id=\"steps\" class=\"row\"><div class=\"col col-sm-12\"><div class=\"wrap\">\r\n  <div class=\"obj-content center\" >\r\n    <div class=\"obj-inner\">\r\n        \r\n    \r\n    \r\n     \r\n      <div class=\"obj-box\">\r\n         \r\n          <div class=\"obj-header\">\r\n            <h2 class=\"obj-title\">Comment \u00e7a marche? <small>Compl\u00e9tez le programme FAST en 5 \u00e9tapes faciles<\/small><\/h2>\r\n          <\/div>\r\n            \r\n                  <div class=\"obj-context\">\r\n            <p>Chaque \u00e9tape ouvre de nouvelles opportunit\u00e9s et informations qui<br \/>\nmieux vous pr\u00e9parer \u00e0 travailler au Canada!<\/p>\n          <\/div>\r\n        \r\n              <\/div>\r\n        <\/div>\r\n  <\/div>\r\n\r\n  <div class=\"inner-row row vc_custom_1678233966639\"><div class=\"inner-col col col-sm-12\"><div class=\"inner-wrap\">\r\n  <div class=\"obj-content\" >\r\n    <div class=\"obj-inner\">\r\n        \r\n          <div class=\"obj-figure\">\r\n        <img decoding=\"async\" src=\"https:\/\/fastcanada.ca\/wp-content\/uploads\/2023\/03\/step-1.svg\" class=\"obj-img obj-cover attachment-full\" alt=\"\" title=\"\u00e9tape 1\" \/>      <\/div>\r\n    \r\n    \r\n     \r\n      <div class=\"obj-box\">\r\n         \r\n          <div class=\"obj-header\">\r\n            <h2 class=\"obj-title\">Enregistrer <\/h2>\r\n          <\/div>\r\n            \r\n                  <div class=\"obj-context\">\r\n            <p>R\u00e9pondez \u00e0 notre enqu\u00eate de 2-3 minutes pour fournir<br \/>\nnous avec vos informations.<\/p>\n          <\/div>\r\n        \r\n              <\/div>\r\n        <\/div>\r\n  <\/div>\r\n\r\n  \r\n  <div class=\"obj-content\" >\r\n    <div class=\"obj-inner\">\r\n        \r\n          <div class=\"obj-figure\">\r\n        <img decoding=\"async\" src=\"https:\/\/fastcanada.ca\/wp-content\/uploads\/2023\/03\/step-2.svg\" class=\"obj-img obj-cover attachment-full\" alt=\"\" title=\"\u00e9tape 2\" \/>      <\/div>\r\n    \r\n    \r\n     \r\n      <div class=\"obj-box\">\r\n         \r\n          <div class=\"obj-header\">\r\n            <h2 class=\"obj-title\">Complete the FAST program modules <\/h2>\r\n          <\/div>\r\n            \r\n                  <div class=\"obj-context\">\r\n            <p>Finish your FAST competency and knowledge assessment<br \/>\nmodules dans l&#039;un des six secteurs.<\/p>\n<p>Receive your FAST Certificate of Completion<br \/>\nand Assessment Report (in applicable streams).<\/p>\n          <\/div>\r\n        \r\n              <\/div>\r\n        <\/div>\r\n  <\/div>\r\n\r\n  \r\n  <div class=\"obj-content\" >\r\n    <div class=\"obj-inner\">\r\n        \r\n          <div class=\"obj-figure\">\r\n        <img decoding=\"async\" src=\"https:\/\/fastcanada.ca\/wp-content\/uploads\/2023\/03\/step-3-v2.svg\" class=\"obj-img obj-cover attachment-full\" alt=\"\" title=\"\u00e9tape-3-v2\" \/>      <\/div>\r\n    \r\n    \r\n     \r\n      <div class=\"obj-box\">\r\n         \r\n          <div class=\"obj-header\">\r\n            <h2 class=\"obj-title\">Faites-vous d\u00e9signer et participez \u00e0 des webinaires et des ateliers d&#039;information <small>Available in applicable streams<\/small><\/h2>\r\n          <\/div>\r\n            \r\n                  <div class=\"obj-context\">\r\n            <p>Access free industry-recognized designations<br \/>\npour booster votre CV.<\/p>\n<p>\u2022 Laissez-vous guider vers une formation plus pouss\u00e9e pour faire avancer votre carri\u00e8re\u00a0!<\/p>\n          <\/div>\r\n        \r\n              <\/div>\r\n        <\/div>\r\n  <\/div>\r\n\r\n  \r\n  <div class=\"obj-content\" >\r\n    <div class=\"obj-inner\">\r\n        \r\n          <div class=\"obj-figure\">\r\n        <img decoding=\"async\" src=\"https:\/\/fastcanada.ca\/wp-content\/uploads\/2023\/03\/step-4.svg\" class=\"obj-img obj-cover attachment-full\" alt=\"\" title=\"\u00e9tape 4\" \/>      <\/div>\r\n    \r\n    \r\n     \r\n      <div class=\"obj-box\">\r\n         \r\n          <div class=\"obj-header\">\r\n            <h2 class=\"obj-title\">Assister \u00e0 des \u00e9v\u00e9nements de connexion et de r\u00e9seautage <small>Available in select provinces<\/small><\/h2>\r\n          <\/div>\r\n            \r\n                  <div class=\"obj-context\">\r\n            <p>Register for group e-Mentoring, online networking<br \/>\nou \u00e9v\u00e9nements de connexion.<\/p>\n<p>Get referred to local networking resources<br \/>\ndans votre r\u00e9gion.<\/p>\n          <\/div>\r\n        \r\n              <\/div>\r\n        <\/div>\r\n  <\/div>\r\n\r\n  \r\n  <div class=\"obj-content\" >\r\n    <div class=\"obj-inner\">\r\n        \r\n          <div class=\"obj-figure\">\r\n        <img decoding=\"async\" src=\"https:\/\/fastcanada.ca\/wp-content\/uploads\/2023\/03\/step-5.svg\" class=\"obj-img obj-cover attachment-full\" alt=\"\" title=\"\u00e9tape-5\" \/>      <\/div>\r\n    \r\n    \r\n     \r\n      <div class=\"obj-box\">\r\n         \r\n          <div class=\"obj-header\">\r\n            <h2 class=\"obj-title\">Connectez-vous avec les employeurs! <small>Available through select streams<\/small><\/h2>\r\n          <\/div>\r\n            \r\n                  <div class=\"obj-context\">\r\n            <p>\u2022 Acc\u00e9dez gratuitement \u00e0 un outil de simulation d&#039;entretien d&#039;embauche.<\/p>\n<p>\u2022 Rejoindre les services de recherche d&#039;emploi par le biais d&#039;une organisation partenaire<\/p>\n          <\/div>\r\n        \r\n              <\/div>\r\n        <\/div>\r\n  <\/div>\r\n\r\n    <div class=\"obj-images\">\r\n    <div class=\"obj-inner\">\r\n      <div class=\"obj-image\" data-id=\"62\"><img decoding=\"async\" src=\"https:\/\/fastcanada.ca\/wp-content\/uploads\/2023\/03\/how-1.svg\" alt=\"\" \/><\/div><div class=\"obj-image\" data-id=\"63\"><img decoding=\"async\" src=\"https:\/\/fastcanada.ca\/wp-content\/uploads\/2023\/03\/how-2.svg\" alt=\"\" \/><\/div><div class=\"obj-image\" data-id=\"72\"><img decoding=\"async\" src=\"https:\/\/fastcanada.ca\/wp-content\/uploads\/2023\/03\/how-3.svg\" alt=\"\" \/><\/div>    <\/div>\r\n  <\/div>\r\n  <\/div><\/div><\/div>\r\n  <div class=\"obj-content flex-center\" >\r\n    <div class=\"obj-inner\">\r\n        \r\n    \r\n    \r\n     \r\n      <div class=\"obj-box\">\r\n            \r\n        \r\n                  <div class=\"obj-button\">\r\n            <a href=\"https:\/\/fast.iecbclearning.ca\/login\/index.php\" class=\"obj-link\" target=\"_blank\">S&#039;inscrire maintenant!<\/a>\r\n                      <\/div>\r\n              <\/div>\r\n        <\/div>\r\n  <\/div>\r\n\r\n  <div class=\"vc_empty_space\"   style=\"height: 195px\"><span class=\"vc_empty_space_inner\"><\/span><\/div><\/div><\/div><\/section><section id=\"testimonials\" class=\"row fw mb-60 vc_custom_1678590519026\"><div class=\"col col-sm-12\"><div class=\"wrap\">\r\n  <div class=\"obj-content np-img\" >\r\n    <div class=\"obj-inner\">\r\n        \r\n          <div class=\"obj-figure\">\r\n        <img decoding=\"async\" src=\"https:\/\/fastcanada.ca\/wp-content\/uploads\/2023\/03\/Testimonials-Illustration.svg\" class=\"obj-img obj-cover attachment-full\" alt=\"\" title=\"T\u00e9moignages Illustration\" \/>      <\/div>\r\n    \r\n    \r\n     \r\n      <div class=\"obj-box\">\r\n         \r\n          <div class=\"obj-header\">\r\n            <h2 class=\"obj-title\">Participant Testimonials <\/h2>\r\n          <\/div>\r\n            \r\n                  <div class=\"obj-context\">\r\n            <p>\u201cBecause of the FAST program, it is as if I have been here for years even though I just got into Canada.\u201d<\/p>\n<p><strong>Jeremiah K.<\/strong><\/p>\n<p>\u201cThe FAST program is a fantastic way for skilled immigrants to gain a sense of validation in the skills that they already have. It is also a great platform to learn about the overall nuances in a Canadian job; from cultural understanding to professional conduct. I learnt a lot from this program and I would recommend it to anyone re-starting their careers here in Canada.\u201d<\/p>\n<p><strong>Dibyangana (Dana) B.<\/strong><\/p>\n          <\/div>\r\n        \r\n              <\/div>\r\n        <\/div>\r\n  <\/div>\r\n\r\n  <\/div><\/div><\/section>","protected":false},"excerpt":{"rendered":"\"Prepare for Work in Canada\" stand-alone module\u00a0 Get ready for your Canadian career by learning about workplace culture, employer expectations, and essential skills to help you accelerate your employment. Learn more about this module here. Don't miss this opportunity ! It's 100% free ! Register in the program here. Are you moving to or new [...]","protected":false},"author":8,"featured_media":0,"parent":0,"menu_order":0,"comment_status":"closed","ping_status":"closed","template":"","meta":{"_acf_changed":false,"footnotes":""},"class_list":["post-2","page","type-page","status-publish","hentry"],"acf":[],"_links":{"self":[{"href":"https:\/\/fastcanada.ca\/fr\/wp-json\/wp\/v2\/pages\/2","targetHints":{"allow":["GET"]}}],"collection":[{"href":"https:\/\/fastcanada.ca\/fr\/wp-json\/wp\/v2\/pages"}],"about":[{"href":"https:\/\/fastcanada.ca\/fr\/wp-json\/wp\/v2\/types\/page"}],"author":[{"embeddable":true,"href":"https:\/\/fastcanada.ca\/fr\/wp-json\/wp\/v2\/users\/8"}],"replies":[{"embeddable":true,"href":"https:\/\/fastcanada.ca\/fr\/wp-json\/wp\/v2\/comments?post=2"}],"version-history":[{"count":22,"href":"https:\/\/fastcanada.ca\/fr\/wp-json\/wp\/v2\/pages\/2\/revisions"}],"predecessor-version":[{"id":1247,"href":"https:\/\/fastcanada.ca\/fr\/wp-json\/wp\/v2\/pages\/2\/revisions\/1247"}],"wp:attachment":[{"href":"https:\/\/fastcanada.ca\/fr\/wp-json\/wp\/v2\/media?parent=2"}],"curies":[{"name":"wp","href":"https:\/\/api.w.org\/{rel}","templated":true}]}}