{"id":18,"date":"2023-03-03T21:25:16","date_gmt":"2023-03-04T02:25:16","guid":{"rendered":"https:\/\/fastcanada.ca\/?page_id=18"},"modified":"2023-11-07T15:38:33","modified_gmt":"2023-11-07T23:38:33","slug":"faq","status":"publish","type":"page","link":"https:\/\/fastcanada.ca\/fr\/faq\/","title":{"rendered":"FAQ"},"content":{"rendered":"<section id=\"banner\" class=\"row fw secondary faq mb-60 vc_custom_1678938018554\"><div class=\"col col-sm-12\"><div class=\"wrap\">\r\n  <div class=\"obj-content np-img\" >\r\n    <div class=\"obj-inner\">\r\n        \r\n          <div class=\"obj-figure\">\r\n        <img decoding=\"async\" src=\"https:\/\/fastcanada.ca\/wp-content\/uploads\/2023\/03\/faq.svg\" class=\"obj-img obj-cover attachment-full\" alt=\"\" title=\"FAQ\" \/>      <\/div>\r\n    \r\n    \r\n     \r\n      <div class=\"obj-box\">\r\n         \r\n          <div class=\"obj-header\">\r\n            <h2 class=\"obj-title\">FAQ <small>Trouvez les r\u00e9ponses aux questions fr\u00e9quemment pos\u00e9es <br> questions sur le programme FAST!<\/small><\/h2>\r\n          <\/div>\r\n            \r\n        \r\n              <\/div>\r\n        <\/div>\r\n  <\/div>\r\n\r\n    <div class=\"obj-faq\">\r\n        <div class=\"obj-inner\">\r\n      <div class=\"internal-search\">\r\n        <label class=\"search-input\">\r\n          <input type=\"search\" class=\"search-field\" placeholder=\"Recherche\" name=\"s\">\r\n          <i class=\"icon-search\"><\/i>\r\n        <\/label>\r\n      <\/div>\r\n      \r\n  <div id=\"is-fast-a-training-program-will-fast-train-me-on-how-to-be-an-it-specialist-accountant-etc\" class=\"obj-faq-item\">\r\n          <h4 class=\"obj-faq-item-title\"><a class=\"n-sm\" href=\"#is-fast-a-training-program-will-fast-train-me-on-how-to-be-an-it-specialist-accountant-etc\">Est-ce que FAST est un programme de formation ? Est-ce que FAST me formera sur la fa\u00e7on d&#039;\u00eatre un sp\u00e9cialiste informatique, un comptable, etc.\u00a0?<\/a><\/h4>\r\n        <div class=\"obj-faq-item-content\">\r\n      <div class=\"obj-faq-item-text\">\r\n        <p>Non, FAST n&#039;est pas un programme de formation. FAST est un programme d&#039;\u00e9valuation des comp\u00e9tences pour aider les professionnels qualifi\u00e9s dans l&#039;un des six volets \u00e0 comparer leurs exp\u00e9riences pass\u00e9es avec les normes canadiennes.<\/p>\n      <\/div>\r\n    <\/div>\r\n  <\/div>\r\n\r\n  \r\n  <div id=\"my-background-is-in-interior-design-but-i-want-to-pursue-a-new-career-in-it-will-the-fast-program-help-me-learn-more-about-starting-a-new-career-in-it\" class=\"obj-faq-item\">\r\n          <h4 class=\"obj-faq-item-title\"><a class=\"n-sm\" href=\"#my-background-is-in-interior-design-but-i-want-to-pursue-a-new-career-in-it-will-the-fast-program-help-me-learn-more-about-starting-a-new-career-in-it\">J&#039;ai une formation en design d&#039;int\u00e9rieur, mais je souhaite poursuivre une nouvelle carri\u00e8re dans l&#039;informatique. Le programme FAST m&#039;aidera-t-il \u00e0 en savoir plus sur le d\u00e9marrage d&#039;une nouvelle carri\u00e8re en informatique\u00a0?<\/a><\/h4>\r\n        <div class=\"obj-faq-item-content\">\r\n      <div class=\"obj-faq-item-text\">\r\n        <p>No, the FAST program is designed for those who already have 2+ years of experience in one of the six streams and cannot train you in a new career. If you have 2+ years of relevant experience or training from your previous career that is applicable to IT &amp; Data Services, then you are eligible for our IT &amp; Data Services stream.<\/p>\n      <\/div>\r\n    <\/div>\r\n  <\/div>\r\n\r\n  \r\n  <div id=\"how-do-i-register-for-fast\" class=\"obj-faq-item has-arrow\">\r\n          <h4 class=\"obj-faq-item-title\"><a class=\"n-sm\" href=\"#how-do-i-register-for-fast\">Comment puis-je m&#039;inscrire \u00e0 FAST?<\/a><\/h4>\r\n        <div class=\"obj-faq-item-content\">\r\n      <div class=\"obj-faq-item-text\">\r\n        <p>Vous pouvez vous inscrire directement sur notre site Web ou demander \u00e0 votre fournisseur de services ou \u00e0 votre conseiller en emploi de vous r\u00e9f\u00e9rer au programme EXPRES.<\/p>\n<p><strong><a href=\"https:\/\/iecbc.insite.com\/ui\/lobby\/register?enabled=true&amp;group=FAST%20Applicants\" target=\"_blank\" rel=\"noopener\">S&#039;inscrire maintenant<\/a><\/strong><\/p>\n      <\/div>\r\n    <\/div>\r\n  <\/div>\r\n\r\n  \r\n  <div id=\"i-currently-have-a-work-permit-am-i-eligible-for-fast\" class=\"obj-faq-item\">\r\n          <h4 class=\"obj-faq-item-title\"><a class=\"n-sm\" href=\"#i-currently-have-a-work-permit-am-i-eligible-for-fast\">J&#039;ai actuellement un permis de travail; ai-je droit \u00e0 FAST\u00a0?<\/a><\/h4>\r\n        <div class=\"obj-faq-item-content\">\r\n      <div class=\"obj-faq-item-text\">\r\n        <p>Unfortunately, only those who are Permanent Residents, Convention Refugees, Ukrainian immigrants arriving under CUAET, or individuals approved in principle to immigrate to Canada are eligible for FAST at this time.<\/p>\n      <\/div>\r\n    <\/div>\r\n  <\/div>\r\n\r\n  \r\n  <div id=\"i-am-an-international-student-can-i-register-for-fast\" class=\"obj-faq-item\">\r\n          <h4 class=\"obj-faq-item-title\"><a class=\"n-sm\" href=\"#i-am-an-international-student-can-i-register-for-fast\">Je suis un \u00e9tudiant international, puis-je m&#039;inscrire \u00e0 FAST ?<\/a><\/h4>\r\n        <div class=\"obj-faq-item-content\">\r\n      <div class=\"obj-faq-item-text\">\r\n        <p>Unfortunately, FAST is only available for individuals who are Permanent Residents, Convention Refugees, Ukrainian immigrants under CUAET, or those approved in principle to immigrate to Canada.<\/p>\n      <\/div>\r\n    <\/div>\r\n  <\/div>\r\n\r\n  \r\n  <div id=\"i-am-a-registered-nurse-with-10-years-of-experience-in-my-home-country-can-i-find-work-as-a-nurse-in-canada-through-fast-seniors-care\" class=\"obj-faq-item has-arrow\">\r\n          <h4 class=\"obj-faq-item-title\"><a class=\"n-sm\" href=\"#i-am-a-registered-nurse-with-10-years-of-experience-in-my-home-country-can-i-find-work-as-a-nurse-in-canada-through-fast-seniors-care\">I am a registered nurse with 10+ years of experience in my home country. Can I find work as a nurse in Canada through FAST Seniors Care?<\/a><\/h4>\r\n        <div class=\"obj-faq-item-content\">\r\n      <div class=\"obj-faq-item-text\">\r\n        <p>FAST Seniors Care is not a healthcare recertification program.\u00a0 For those who have experience and\/or education in direct clinical care from their home country (such as registered nurses, licensed practical nurses, doctors, or health care assistants), you are still required to complete a Canadian certified recertification program to be eligible to work in healthcare.<\/p>\n<p>FAST Seniors Care will only provide you the information and resources into how to proceed in a career in Seniors Care &#8211; such as next steps, potential alternative occupations and how to apply for recertification (if necessary).<\/p>\n<p>If you have already completed your recertification program or training, then you will be eligible to apply to any direct clinical roles available through FAST!<\/p>\n      <\/div>\r\n    <\/div>\r\n  <\/div>\r\n\r\n  \r\n  <div id=\"i-have-not-yet-arrived-in-canada-but-i-have-been-approved-to-become-a-permanent-resident-can-i-register-for-fast-before-i-arrive\" class=\"obj-faq-item\">\r\n          <h4 class=\"obj-faq-item-title\"><a class=\"n-sm\" href=\"#i-have-not-yet-arrived-in-canada-but-i-have-been-approved-to-become-a-permanent-resident-can-i-register-for-fast-before-i-arrive\">I have not yet arrived in Canada but I have been approved to become a Permanent Resident. Can I register for FAST before I arrive?<\/a><\/h4>\r\n        <div class=\"obj-faq-item-content\">\r\n      <div class=\"obj-faq-item-text\">\r\n        <p>Yes! Those who have been approved in principle to immigrate to Canada &#8211; otherwise known as Pre-Arrival Permanent Residents &#8211; are eligible to register and complete FAST prior to landing in Canada.<\/p>\n      <\/div>\r\n    <\/div>\r\n  <\/div>\r\n\r\n  \r\n  <div id=\"i-am-a-ukrainian-immigrant-under-cuaet-canada-ukraine-authorization-for-emergency-travel-am-i-eligible-for-fast\" class=\"obj-faq-item\">\r\n          <h4 class=\"obj-faq-item-title\"><a class=\"n-sm\" href=\"#i-am-a-ukrainian-immigrant-under-cuaet-canada-ukraine-authorization-for-emergency-travel-am-i-eligible-for-fast\">Je suis un immigrant ukrainien sous CUAET (Autorisation Canada-Ukraine pour les voyages d&#039;urgence), suis-je \u00e9ligible \u00e0 FAST\u00a0?<\/a><\/h4>\r\n        <div class=\"obj-faq-item-content\">\r\n      <div class=\"obj-faq-item-text\">\r\n        <p>Oui, les immigrants ukrainiens sous CUAET sont \u00e9ligibles au programme FAST !<\/p>\n      <\/div>\r\n    <\/div>\r\n  <\/div>\r\n\r\n  \r\n  <div id=\"i-am-a-naturalized-canadian-citizen-can-i-register-for-the-fast-program\" class=\"obj-faq-item\">\r\n          <h4 class=\"obj-faq-item-title\"><a class=\"n-sm\" href=\"#i-am-a-naturalized-canadian-citizen-can-i-register-for-the-fast-program\">Je suis un citoyen canadien naturalis\u00e9, puis-je m&#039;inscrire au programme FAST?<\/a><\/h4>\r\n        <div class=\"obj-faq-item-content\">\r\n      <div class=\"obj-faq-item-text\">\r\n        <p>Unfortunately, Canadian Citizens are not eligible for FAST.<\/p>\n      <\/div>\r\n    <\/div>\r\n  <\/div>\r\n\r\n  \r\n  <div id=\"what-other-benefits-can-i-receive-from-fast\" class=\"obj-faq-item\">\r\n          <h4 class=\"obj-faq-item-title\"><a class=\"n-sm\" href=\"#what-other-benefits-can-i-receive-from-fast\">Quels autres avantages puis-je recevoir de FAST\u00a0?<\/a><\/h4>\r\n        <div class=\"obj-faq-item-content\">\r\n      <div class=\"obj-faq-item-text\">\r\n        <p>Une fois vos modules FAST termin\u00e9s, vous b\u00e9n\u00e9ficiez d&#039;un acc\u00e8s gratuit \u00e0 diverses ressources suppl\u00e9mentaires, notamment des d\u00e9signations, des webinaires, des sessions de mentorat en ligne de groupe, et plus encore\u00a0!<\/p>\n      <\/div>\r\n    <\/div>\r\n  <\/div>\r\n\r\n  \r\n  <div id=\"i-want-to-join-a-group-e-mentoring-session-but-i-dont-see-anything-on-my-user-page-what-do-i-do\" class=\"obj-faq-item\">\r\n          <h4 class=\"obj-faq-item-title\"><a class=\"n-sm\" href=\"#i-want-to-join-a-group-e-mentoring-session-but-i-dont-see-anything-on-my-user-page-what-do-i-do\">Je souhaite rejoindre une session de e-mentorat de groupe, mais je ne vois rien sur ma page utilisateur. <br> Que fais-je?<\/a><\/h4>\r\n        <div class=\"obj-faq-item-content\">\r\n      <div class=\"obj-faq-item-text\">\r\n        <p>Vous devez terminer tous vos modules FAST avant de pouvoir acc\u00e9der \u00e0 l&#039;une de nos ressources gratuites suppl\u00e9mentaires, y compris les sessions de mentorat en ligne de groupe. Une fois que vous avez termin\u00e9 vos modules FAST, vous recevrez des notifications par e-mail sur les prochaines sessions de mentorat en ligne de groupe.<\/p>\n      <\/div>\r\n    <\/div>\r\n  <\/div>\r\n\r\n  \r\n  <div id=\"i-completed-my-fast-modules-six-months-ago-but-would-like-to-access-the-additional-free-resources-now-can-i-still-access-the-additional-resources-offered\" class=\"obj-faq-item\">\r\n          <h4 class=\"obj-faq-item-title\"><a class=\"n-sm\" href=\"#i-completed-my-fast-modules-six-months-ago-but-would-like-to-access-the-additional-free-resources-now-can-i-still-access-the-additional-resources-offered\">I completed my FAST modules six months ago but would like to access the additional free resources now. Can I still access the additional resources offered?<\/a><\/h4>\r\n        <div class=\"obj-faq-item-content\">\r\n      <div class=\"obj-faq-item-text\">\r\n        <p>Oui! Peu importe depuis combien de temps vous avez termin\u00e9 vos modules FAST, vous pouvez continuer \u00e0 acc\u00e9der aux ressources gratuites suppl\u00e9mentaires offertes par FAST en utilisant vos informations de connexion d&#039;origine.<\/p>\n      <\/div>\r\n    <\/div>\r\n  <\/div>\r\n\r\n  \r\n  <div id=\"i-have-worked-as-a-dentist-for-17-years-in-my-home-country-is-fast-a-good-fit-for-me\" class=\"obj-faq-item\">\r\n          <h4 class=\"obj-faq-item-title\"><a class=\"n-sm\" href=\"#i-have-worked-as-a-dentist-for-17-years-in-my-home-country-is-fast-a-good-fit-for-me\">J&#039;ai travaill\u00e9 comme dentiste pendant 10 ans dans mon pays d&#039;origine ; est-ce que FAST me convient\u00a0?<\/a><\/h4>\r\n        <div class=\"obj-faq-item-content\">\r\n      <div class=\"obj-faq-item-text\">\r\n        <p>Nous mettons actuellement \u00e0 jour le programme FAST pour aider les personnes ayant des ant\u00e9c\u00e9dents m\u00e9dicaux et de soins de sant\u00e9 \u00e0 trouver un travail similaire au Canada. Nous recommandons aux personnes ayant une formation m\u00e9dicale de consulter les volets Biotechnologie et sciences de la vie ou Soins aux personnes \u00e2g\u00e9es entre-temps pour voir si ces modules correspondent \u00e0 leurs besoins actuels et \u00e0 leurs objectifs d&#039;emploi.<\/p>\n      <\/div>\r\n    <\/div>\r\n  <\/div>\r\n\r\n  \r\n  <div id=\"can-i-still-register-for-the-fast-program-if-i-am-not-at-a-clb6-english-level\" class=\"obj-faq-item\">\r\n          <h4 class=\"obj-faq-item-title\"><a class=\"n-sm\" href=\"#can-i-still-register-for-the-fast-program-if-i-am-not-at-a-clb6-english-level\">Puis-je quand m\u00eame m&#039;inscrire au programme FAST si je ne suis pas au niveau d&#039;anglais CLB6\u00a0?<\/a><\/h4>\r\n        <div class=\"obj-faq-item-content\">\r\n      <div class=\"obj-faq-item-text\">\r\n        <p>We do not require proof of language ability during the FAST registration however we do recommend that individuals have a strong knowledge of English to fully understand the modules and content. FAST relies heavily on reading and reading comprehension and is currently offered only in English.<\/p>\n      <\/div>\r\n    <\/div>\r\n  <\/div>\r\n\r\n  \r\n  <div id=\"how-long-does-it-take-to-complete-the-fast-modules\" class=\"obj-faq-item\">\r\n          <h4 class=\"obj-faq-item-title\"><a class=\"n-sm\" href=\"#how-long-does-it-take-to-complete-the-fast-modules\">Combien de temps faut-il pour terminer les modules FAST\u00a0?<\/a><\/h4>\r\n        <div class=\"obj-faq-item-content\">\r\n      <div class=\"obj-faq-item-text\">\r\n        <p>FAST est con\u00e7u pour \u00eatre auto-rythm\u00e9 afin que les participants puissent prendre autant (ou aussi peu) de temps que n\u00e9cessaire. Nous recommandons aux individus de terminer leurs modules FAST dans les 4 semaines pour utiliser pleinement toutes les ressources disponibles.<\/p>\n      <\/div>\r\n    <\/div>\r\n  <\/div>\r\n\r\n  \r\n  <div id=\"is-the-sprint-program-still-available\" class=\"obj-faq-item\">\r\n          <h4 class=\"obj-faq-item-title\"><a class=\"n-sm\" href=\"#is-the-sprint-program-still-available\">Is the SPRINT program still available?<\/a><\/h4>\r\n        <div class=\"obj-faq-item-content\">\r\n      <div class=\"obj-faq-item-text\">\r\n        <p>SPRINT (Skills Passport for Newcomers in Tech) was a sub-program of FAST dedicated to providing more free additional resources to those in IT &amp; Data Services and Biotech &amp; Life Sciences. The SPRINT program successfully ended in March 2023, after supporting over 800 immigrant clients to pursue careers in the IT and\/or Biotech fields.<\/p>\n      <\/div>\r\n    <\/div>\r\n  <\/div>\r\n\r\n  \r\n  <div id=\"how-many-partners-does-the-fast-program-have\" class=\"obj-faq-item has-arrow\">\r\n          <h4 class=\"obj-faq-item-title\"><a class=\"n-sm\" href=\"#how-many-partners-does-the-fast-program-have\">Combien de partenaires le programme FAST compte-t-il\u00a0?<\/a><\/h4>\r\n        <div class=\"obj-faq-item-content\">\r\n      <div class=\"obj-faq-item-text\">\r\n        <p><strong><a href=\"https:\/\/fastcanada.ca\/community-partners\/\">Voir nos partenaires<\/a><\/strong><\/p>\n<p>Nous avons \u00e9tabli des partenariats avec de nombreux fournisseurs de services communautaires et aux immigrants \u00e0 travers le Canada\u00a0! Pour voir une liste compl\u00e8te, veuillez suivre le lien ci-dessous\u00a0:<\/p>\n      <\/div>\r\n    <\/div>\r\n  <\/div>\r\n\r\n  \r\n  <div id=\"i-am-an-employer-looking-for-talent-how-can-i-partner-with-fast\" class=\"obj-faq-item has-arrow\">\r\n          <h4 class=\"obj-faq-item-title\"><a class=\"n-sm\" href=\"#i-am-an-employer-looking-for-talent-how-can-i-partner-with-fast\">Je suis un employeur \u00e0 la recherche de talents. Comment puis-je devenir partenaire de FAST\u00a0?<\/a><\/h4>\r\n        <div class=\"obj-faq-item-content\">\r\n      <div class=\"obj-faq-item-text\">\r\n        <p>Nous sommes toujours \u00e0 la recherche de partenariats significatifs avec des employeurs partout au Canada! Pour devenir partenaire ou pour en savoir plus sur les opportunit\u00e9s de partenariat employeur, veuillez remplir votre formulaire de candidature en suivant le lien ci-dessous :<\/p>\n<p><strong><a href=\"https:\/\/fastcanada.ca\/contact-us\/\">Faites \u00e9quipe avec nous<\/a><\/strong><\/p>\n      <\/div>\r\n    <\/div>\r\n  <\/div>\r\n\r\n  \r\n  <div id=\"i-have-several-clients-that-would-benefit-from-the-fast-program-but-we-cannot-guarantee-a-large-number-of-referrals-is-there-a-referral-quota-required-by-partners\" class=\"obj-faq-item has-arrow\">\r\n          <h4 class=\"obj-faq-item-title\"><a class=\"n-sm\" href=\"#i-have-several-clients-that-would-benefit-from-the-fast-program-but-we-cannot-guarantee-a-large-number-of-referrals-is-there-a-referral-quota-required-by-partners\">J&#039;ai plusieurs clients qui b\u00e9n\u00e9ficieraient du programme FAST mais nous ne pouvons pas garantir <br> un grand nombre de r\u00e9f\u00e9rences. Y a-t-il un quota de r\u00e9f\u00e9rencement exig\u00e9 par les partenaires\u00a0?<\/a><\/h4>\r\n        <div class=\"obj-faq-item-content\">\r\n      <div class=\"obj-faq-item-text\">\r\n        <p>There is no contract or quota required to become a referral partner with FAST. We do offer service delivery providers the ability to use a suite of personal co-branded marketing material if interested. If you are interested in gaining access to the co-branded marketing material, please send an email to <strong><a href=\"&#x6d;&#x61;&#105;&#108;t&#x6f;&#x3a;&#x66;&#97;st&#x63;&#x61;&#110;&#97;d&#x61;&#x40;&#x69;&#101;cb&#x63;&#x2e;&#99;&#97;\">f&#97;&#x73;&#x74;&#x63;a&#110;&#x61;&#x64;&#x61;&#64;&#105;&#x65;&#x63;&#x62;c&#46;&#x63;&#x61; <\/a><\/strong><\/p>\n      <\/div>\r\n    <\/div>\r\n  <\/div>\r\n\r\n      <\/div>\r\n  <\/div>\r\n  <\/div><\/div><\/section>","protected":false},"excerpt":{"rendered":"FAQ Find the answers to frequently asked questions about the FAST program! Is FAST a training program? Will FAST train me on how to be an IT Specialist, Accountant, etc.? No, FAST is not a training program. FAST is a competency assessment program that can help skilled professionals in one of the six streams compare [...]","protected":false},"author":8,"featured_media":0,"parent":0,"menu_order":2,"comment_status":"closed","ping_status":"closed","template":"","meta":{"_acf_changed":false,"footnotes":""},"class_list":["post-18","page","type-page","status-publish","hentry"],"acf":[],"_links":{"self":[{"href":"https:\/\/fastcanada.ca\/fr\/wp-json\/wp\/v2\/pages\/18","targetHints":{"allow":["GET"]}}],"collection":[{"href":"https:\/\/fastcanada.ca\/fr\/wp-json\/wp\/v2\/pages"}],"about":[{"href":"https:\/\/fastcanada.ca\/fr\/wp-json\/wp\/v2\/types\/page"}],"author":[{"embeddable":true,"href":"https:\/\/fastcanada.ca\/fr\/wp-json\/wp\/v2\/users\/8"}],"replies":[{"embeddable":true,"href":"https:\/\/fastcanada.ca\/fr\/wp-json\/wp\/v2\/comments?post=18"}],"version-history":[{"count":20,"href":"https:\/\/fastcanada.ca\/fr\/wp-json\/wp\/v2\/pages\/18\/revisions"}],"predecessor-version":[{"id":1092,"href":"https:\/\/fastcanada.ca\/fr\/wp-json\/wp\/v2\/pages\/18\/revisions\/1092"}],"wp:attachment":[{"href":"https:\/\/fastcanada.ca\/fr\/wp-json\/wp\/v2\/media?parent=18"}],"curies":[{"name":"wp","href":"https:\/\/api.w.org\/{rel}","templated":true}]}}