{"id":16,"date":"2023-03-03T21:25:16","date_gmt":"2023-03-04T02:25:16","guid":{"rendered":"https:\/\/fastcanada.ca\/?page_id=16"},"modified":"2026-01-30T14:42:39","modified_gmt":"2026-01-30T22:42:39","slug":"eligibility","status":"publish","type":"page","link":"https:\/\/fastcanada.ca\/fr\/eligibility\/","title":{"rendered":"Admissibilit\u00e9"},"content":{"rendered":"<section id=\"banner\" class=\"row fw secondary eligibility mb-120 vc_custom_1678930741499\"><div class=\"col col-sm-12\"><div class=\"wrap\">\r\n  <div class=\"obj-content ul-600 ul-check np-img\" >\r\n    <div class=\"obj-inner\">\r\n        \r\n          <div class=\"obj-figure\">\r\n        <img decoding=\"async\" src=\"https:\/\/fastcanada.ca\/wp-content\/uploads\/2023\/03\/eligibility.svg\" class=\"obj-img obj-cover attachment-full\" alt=\"\" title=\"admissibilit\u00e9\" \/>      <\/div>\r\n    \r\n    \r\n     \r\n      <div class=\"obj-box\">\r\n         \r\n          <div class=\"obj-header\">\r\n            <h2 class=\"obj-title\">Admissibilit\u00e9 EXPRES <small>Pour \u00eatre admissible au programme FAST, vous devez avoir les \u00e9l\u00e9ments suivants :<\/small><\/h2>\r\n          <\/div>\r\n            \r\n                  <div class=\"obj-context\">\r\n            <p>Fast is for immigrants who can communicate effectively at a CLB 6 level or higher and are:<\/p>\n<ul>\n<li>Immigrants who have Permanent Resident status or have been approved in principle for PR status<\/li>\n<li>Refugees, including Ukrainians<\/li>\n<li>International students<\/li>\n<li>Skilled Immigrants with a valid Work Permit<\/li>\n<li>Canadian Citizens (including immigrants who became citizens and are still on their career pathfinding journey)<\/li>\n<\/ul>\n          <\/div>\r\n        \r\n              <\/div>\r\n        <\/div>\r\n  <\/div>\r\n\r\n  <\/div><\/div><\/section><section id=\"documents\" class=\"row mb-120 vc_custom_1678930725985\"><div class=\"col col-sm-12\"><div class=\"wrap\">\r\n  <div class=\"obj-content ul-600 ul-check np-img\" >\r\n    <div class=\"obj-inner\">\r\n        \r\n          <div class=\"obj-figure\">\r\n        <img decoding=\"async\" src=\"https:\/\/fastcanada.ca\/wp-content\/uploads\/2023\/03\/documents.svg\" class=\"obj-img obj-cover attachment-full\" alt=\"\" title=\"documents\" \/>      <\/div>\r\n    \r\n    \r\n     \r\n      <div class=\"obj-box\">\r\n         \r\n          <div class=\"obj-header\">\r\n            <h1 class=\"obj-title\">Do you need further assistance? <\/h1>\r\n          <\/div>\r\n            \r\n                  <div class=\"obj-context\">\r\n            <p>Si vous avez des questions sur l&#039;admissibilit\u00e9, veuillez envoyer un courriel \u00e0 <a href=\"m&#97;&#105;&#x6c;&#x74;o:&#102;&#97;&#x73;&#x74;ca&#110;&#97;&#x64;&#x61;&#64;i&#101;&#x63;&#x62;&#x63;&#46;&#99;&#97;\">&#x66;&#x61;&#x73;&#116;&#99;&#97;na&#x64;&#x61;&#x40;&#x69;&#101;&#99;bc&#x2e;&#x63;&#x61;<\/a><\/p>\n          <\/div>\r\n        \r\n              <\/div>\r\n        <\/div>\r\n  <\/div>\r\n\r\n  <\/div><\/div><\/section><section class=\"row\"><div class=\"col col-sm-12\"><div class=\"wrap\"><div class=\"vc_separator wpb_content_element vc_separator_align_center vc_sep_width_100 vc_sep_shadow vc_sep_pos_align_center vc_separator_no_text vc_sep_color_grey\" ><span class=\"vc_sep_holder vc_sep_holder_l\"><span class=\"vc_sep_line\"><\/span><\/span><span class=\"vc_sep_holder vc_sep_holder_r\"><span class=\"vc_sep_line\"><\/span><\/span>\n<\/div><\/div><\/div><\/section>","protected":false},"excerpt":{"rendered":"FAST Eligibility To qualify for the FAST program, you must have the following: Fast is for immigrants who can communicate effectively at a CLB 6 level or higher and are: Immigrants who have Permanent Resident status or have been approved in principle for PR status Refugees, including Ukrainians International students Skilled Immigrants with a valid [...]","protected":false},"author":8,"featured_media":0,"parent":0,"menu_order":2,"comment_status":"closed","ping_status":"closed","template":"","meta":{"_acf_changed":false,"footnotes":""},"class_list":["post-16","page","type-page","status-publish","hentry"],"acf":[],"_links":{"self":[{"href":"https:\/\/fastcanada.ca\/fr\/wp-json\/wp\/v2\/pages\/16","targetHints":{"allow":["GET"]}}],"collection":[{"href":"https:\/\/fastcanada.ca\/fr\/wp-json\/wp\/v2\/pages"}],"about":[{"href":"https:\/\/fastcanada.ca\/fr\/wp-json\/wp\/v2\/types\/page"}],"author":[{"embeddable":true,"href":"https:\/\/fastcanada.ca\/fr\/wp-json\/wp\/v2\/users\/8"}],"replies":[{"embeddable":true,"href":"https:\/\/fastcanada.ca\/fr\/wp-json\/wp\/v2\/comments?post=16"}],"version-history":[{"count":20,"href":"https:\/\/fastcanada.ca\/fr\/wp-json\/wp\/v2\/pages\/16\/revisions"}],"predecessor-version":[{"id":1249,"href":"https:\/\/fastcanada.ca\/fr\/wp-json\/wp\/v2\/pages\/16\/revisions\/1249"}],"wp:attachment":[{"href":"https:\/\/fastcanada.ca\/fr\/wp-json\/wp\/v2\/media?parent=16"}],"curies":[{"name":"wp","href":"https:\/\/api.w.org\/{rel}","templated":true}]}}