{"id":14,"date":"2023-03-03T21:25:16","date_gmt":"2023-03-04T02:25:16","guid":{"rendered":"https:\/\/fastcanada.ca\/?page_id=14"},"modified":"2025-08-28T16:09:17","modified_gmt":"2025-08-28T23:09:17","slug":"fast-sectors","status":"publish","type":"page","link":"https:\/\/fastcanada.ca\/fr\/fast-sectors\/","title":{"rendered":"Secteurs FAST"},"content":{"rendered":"<section id=\"banner\" class=\"row fw secondary fast has-sidebar mb-90 vc_custom_1678852461946\"><div class=\"col col-sm-12\"><div class=\"wrap\">\r\n  <div class=\"obj-content ul-img ul-img-2 fast-assessment np-img\" >\r\n    <div class=\"obj-inner\">\r\n        \r\n          <div class=\"obj-figure\">\r\n        <img decoding=\"async\" src=\"https:\/\/fastcanada.ca\/wp-content\/uploads\/2023\/03\/fast-shape-1.svg\" class=\"obj-img obj-cover attachment-full\" alt=\"\" title=\"forme-rapide-1\" \/>      <\/div>\r\n    \r\n    \r\n     \r\n      <div class=\"obj-box\">\r\n         \r\n          <div class=\"obj-header\">\r\n            <h1 class=\"obj-title\">Volets du secteur FAST <small>Le programme FAST fournit des \u00e9valuations de comp\u00e9tences et <br> informations sur l&#039;industrie dans les six secteurs suivants\u00a0:<\/small><\/h1>\r\n          <\/div>\r\n            \r\n                  <div class=\"obj-context\">\r\n            <ul>\n<li><img decoding=\"async\" class=\"alignnone size-full wp-image-45\" src=\"https:\/\/fastcanada.ca\/wp-content\/uploads\/2023\/03\/interface-setting-wrench.svg\" alt=\"\" \/><a href=\"#skilled-trades\">M\u00e9tiers sp\u00e9cialis\u00e9s<\/a>\n<ul>\n<li><em>\u00a0(Temporarily Unavailable &#8211; Curriculum Updates in Progress)<br \/>\n<\/em><\/li>\n<\/ul>\n<\/li>\n<li><img decoding=\"async\" class=\"alignnone size-full wp-image-58\" src=\"https:\/\/fastcanada.ca\/wp-content\/uploads\/2023\/03\/food-kitchenware-fork-spoon.svg\" alt=\"\" \/><a href=\"#culinary-arts\">Arts culinaires<\/a><\/li>\n<li><img decoding=\"async\" class=\"alignnone size-full wp-image-57\" src=\"https:\/\/fastcanada.ca\/wp-content\/uploads\/2023\/03\/biotech.svg\" alt=\"\" \/><a href=\"#biotech-and-life-sciences\">Biotechnologie et sciences de la vie<\/a><\/li>\n<li><img decoding=\"async\" class=\"alignnone size-full wp-image-47\" src=\"https:\/\/fastcanada.ca\/wp-content\/uploads\/2023\/03\/money-cash-briefcase-dollar.svg\" alt=\"\" \/><a href=\"#accounting-and-finance\">Comptabilit\u00e9 et Finance<\/a><\/li>\n<li><img decoding=\"async\" class=\"alignnone size-full wp-image-49\" src=\"https:\/\/fastcanada.ca\/wp-content\/uploads\/2023\/03\/programming-browser-code-2.svg\" alt=\"\" \/><a href=\"#it-and-data-services\">Services informatiques et de donn\u00e9es<\/a><\/li>\n<li><img decoding=\"async\" class=\"alignnone size-full wp-image-50\" src=\"https:\/\/fastcanada.ca\/wp-content\/uploads\/2023\/03\/SeniorsCare.svg\" alt=\"\" \/><a href=\"#seniors-care\">Soins aux personnes \u00e2g\u00e9es<\/a>\n<ul>\n<li><em>Actuellement disponible uniquement pour les r\u00e9sidents de la Colombie-Britannique<\/em><\/li>\n<\/ul>\n<\/li>\n<li><img loading=\"lazy\" decoding=\"async\" class=\"alignnone wp-image-1129\" src=\"https:\/\/fastcanada.ca\/wp-content\/uploads\/2024\/06\/bag-1.png\" alt=\"\" width=\"77\" height=\"77\" srcset=\"https:\/\/fastcanada.ca\/wp-content\/uploads\/2024\/06\/bag-1.png 96w, https:\/\/fastcanada.ca\/wp-content\/uploads\/2024\/06\/bag-1-12x12.png 12w\" sizes=\"auto, (max-width: 77px) 100vw, 77px\" \/>\u00a0<a href=\"#Prepare-for-Work-in-Canada\">Prepare for Work in Canada\u00a0<\/a>\n<ul>\n<li><strong>NEW<\/strong> Standalone Module<\/li>\n<\/ul>\n<\/li>\n<\/ul>\n          <\/div>\r\n        \r\n              <\/div>\r\n        <\/div>\r\n  <\/div>\r\n\r\n  <\/div><\/div><\/section><section id=\"sectors\" class=\"row fw has-sidebar vc_custom_1678849182233\"><div class=\"col col-sm-12\"><div class=\"wrap\"><div id=\"skilled-trades\" class=\"inner-row row type vc_custom_1678849200707\"><div class=\"inner-col col col-sm-12\"><div class=\"inner-wrap\">\r\n  <div class=\"obj-content ul-600 ul-check np-img\" >\r\n    <div class=\"obj-inner\">\r\n        \r\n          <div class=\"obj-figure\">\r\n        <img decoding=\"async\" src=\"https:\/\/fastcanada.ca\/wp-content\/uploads\/2023\/03\/skilled-trades.svg\" class=\"obj-img obj-cover attachment-full\" alt=\"\" title=\"m\u00e9tiers sp\u00e9cialis\u00e9s\" \/>      <\/div>\r\n    \r\n    \r\n     \r\n      <div class=\"obj-box\">\r\n         \r\n          <div class=\"obj-header\">\r\n            <h2 class=\"obj-title\">M\u00e9tiers sp\u00e9cialis\u00e9s <small>(Temporarily Unavailable - Curriculum Updates in Progress)<\/small><\/h2>\r\n          <\/div>\r\n            \r\n                  <div class=\"obj-context\">\r\n            <p>Un m\u00e9tier sp\u00e9cialis\u00e9 est un m\u00e9tier ou un m\u00e9tier particulier qui implique un travail pratique pour produire un produit ou offrir un service. Les m\u00e9tiers sp\u00e9cialis\u00e9s au Canada peuvent \u00eatre appel\u00e9s professions lib\u00e9rales, m\u00e9tiers techniques, m\u00e9tiers sp\u00e9cialis\u00e9s ou m\u00e9tiers d&#039;apprentissage.<\/p>\n<p>The skilled trades offer rewarding careers in a large number of occupations. In Canada, there are more than 200 designated trades. Skilled tradespersons typically work in four sectors of industry in Canada. These include:<\/p>\n<ul>\n<li>Construction<\/li>\n<li>Transportation<\/li>\n<li>Manufacturing<\/li>\n<li>Service<\/li>\n<\/ul>\n<p>&nbsp;<\/p>\n<p>Some skilled trades are formally recognized and regulated, meaning skilled tradespersons must complete training and receive certification before they are able to work in that occupation. For example, an experienced, internationally trained power engineer will need a provincial or territorial license to work in Canada.<\/p>\n<p>Other skilled trades are non-regulated and do not require a certificate for employment.<\/p>\n<p>Carpenters and automotive service technicians do not require certification to be employed. However, many employers prefer workers with a Certificate of Qualification provided by the industry training authorities from each province.<\/p>\n<p><strong>Important:<\/strong> Some trades in Canada are <strong>Red Seal <\/strong>trades. The Red Seal certification is recognized throughout Canada and this means that those with Red Seal certificates do not have to pass additional exams if they move to another Canadian province or territory.<\/p>\n          <\/div>\r\n        \r\n              <\/div>\r\n        <\/div>\r\n  <\/div>\r\n\r\n  <\/div><\/div><\/div><div id=\"biotech-and-life-sciences\" class=\"inner-row row type vc_custom_1679527498581\"><div class=\"inner-col col col-sm-12\"><div class=\"inner-wrap\">\r\n  <div class=\"obj-content ul-600 ul-check np-img\" >\r\n    <div class=\"obj-inner\">\r\n        \r\n          <div class=\"obj-figure\">\r\n        <img decoding=\"async\" src=\"https:\/\/fastcanada.ca\/wp-content\/uploads\/2023\/03\/biotech-1.svg\" class=\"obj-img obj-cover attachment-full\" alt=\"\" title=\"biotechnologies\" \/>      <\/div>\r\n    \r\n    \r\n     \r\n      <div class=\"obj-box\">\r\n         \r\n          <div class=\"obj-header\">\r\n            <h2 class=\"obj-title\">Biotechnologie et sciences de la vie <\/h2>\r\n          <\/div>\r\n            \r\n                  <div class=\"obj-context\">\r\n            <p>Le secteur canadien de la biotechnologie et des sciences de la vie est un contributeur important \u00e0 l&#039;\u00e9conomie de l&#039;innovation du Canada et l&#039;une des industries \u00e0 la croissance la plus rapide du pays.<\/p>\n<p>Le Canada est un chef de file mondial en biotechnologie (la bio\u00e9conomie) et poss\u00e8de un vaste r\u00e9seau d&#039;h\u00f4pitaux de recherche, d&#039;universit\u00e9s, de laboratoires et d&#039;entreprises qui travaillent dans quatre grands secteurs :<\/p>\n<ul>\n<li>Bio-health<\/li>\n<li>Bio-energy<\/li>\n<li>Bio-industrial technology<\/li>\n<li>Agri-biotechnology<\/li>\n<\/ul>\n<p>&nbsp;<\/p>\n<p>The Canadian biotechnology sector is comprised of occupations that can range from research, development and manufacturing industries within the sector.<\/p>\n<p>Small and medium-sized companies across the country that develop diagnostics, biopharmaceuticals, pharmaceuticals and medical devices, as well as global companies with sales, research, development and manufacturing operations in Canada are all included within the bio-economy.<\/p>\n<p>The average educational requirements to work in the biotechnology and life sciences sector in Canada are as follows:<\/p>\n<ul>\n<li>Completion of an undergraduate degree or program in biological sciences (biology, biotechnology, biochemistry, microbiology), applied chemistry, or a related field<\/li>\n<li>\u2022 Dipl\u00f4me d&#039;\u00e9tudes sup\u00e9rieures en recherche professionnelle.<\/li>\n<li>\u2022 La certification aupr\u00e8s des associations provinciales est disponible mais volontaire.<\/li>\n<\/ul>\n          <\/div>\r\n        \r\n              <\/div>\r\n        <\/div>\r\n  <\/div>\r\n\r\n  <\/div><\/div><\/div><div id=\"it-and-data-services\" class=\"inner-row row type vc_custom_1678849227494\"><div class=\"inner-col col col-sm-12\"><div class=\"inner-wrap\">\r\n  <div class=\"obj-content np-img sm\" >\r\n    <div class=\"obj-inner\">\r\n        \r\n          <div class=\"obj-figure\">\r\n        <img decoding=\"async\" src=\"https:\/\/fastcanada.ca\/wp-content\/uploads\/2023\/03\/it.svg\" class=\"obj-img obj-cover attachment-full\" alt=\"\" title=\"il\" \/>      <\/div>\r\n    \r\n    \r\n     \r\n      <div class=\"obj-box\">\r\n         \r\n          <div class=\"obj-header\">\r\n            <h2 class=\"obj-title\">Services informatiques et de donn\u00e9es <\/h2>\r\n          <\/div>\r\n            \r\n                  <div class=\"obj-context\">\r\n            <p>Selon l&#039;Association canadienne de la technologie de l&#039;information (ACTI), l&#039;industrie des technologies de l&#039;information (TI) stimule l&#039;emploi, inspire l&#039;innovation et l&#039;efficacit\u00e9 des entreprises et touche la vie des Canadiens au quotidien.<\/p>\n<p>Newcomers to Canada play a significant role in filling the job gaps in this industry, as 44% of skilled immigrants are employed in the IT sector.<\/p>\n<p>There are over 37,400 companies in the Canadian IT sector. More than 90% of these companies fall within the software and computer services industries.<\/p>\n<p>The IT field is characterized by a knowledge-intensive workforce, with over half of its workers holding a university degree. The software and computer services sub-sector employs 56.8% of university-educated workers, the largest proportion within the IT sector.<\/p>\n<p>Overall, most Canadian immigrants employed in the IT industry have completed post-secondary studies in a related area such as information technology, science technology engineering or mathematics (STEM) courses.<\/p>\n          <\/div>\r\n        \r\n              <\/div>\r\n        <\/div>\r\n  <\/div>\r\n\r\n  <\/div><\/div><\/div><div id=\"culinary-arts\" class=\"inner-row row type vc_custom_1678853141419\"><div class=\"inner-col col col-sm-12\"><div class=\"inner-wrap\">\r\n  <div class=\"obj-content ul-600 ul-check np-img\" >\r\n    <div class=\"obj-inner\">\r\n        \r\n          <div class=\"obj-figure\">\r\n        <img decoding=\"async\" src=\"https:\/\/fastcanada.ca\/wp-content\/uploads\/2023\/03\/culinary.svg\" class=\"obj-img obj-cover attachment-full\" alt=\"\" title=\"culinaire\" \/>      <\/div>\r\n    \r\n    \r\n     \r\n      <div class=\"obj-box\">\r\n         \r\n          <div class=\"obj-header\">\r\n            <h2 class=\"obj-title\">Arts culinaires <\/h2>\r\n          <\/div>\r\n            \r\n                  <div class=\"obj-context\">\r\n            <p>Il pourrait y avoir jusqu&#039;\u00e0 2,29 millions d&#039;emplois dans le secteur du tourisme et de l&#039;accueil au Canada d&#039;ici 2035. Les projections actuelles montrent qu&#039;environ 240 000 de ces emplois n&#039;auront pas de personnel pour les combler, ce qui laissera aux nouveaux immigrants amplement l&#039;occasion de se b\u00e2tir une carri\u00e8re enrichissante et d&#039;acqu\u00e9rir rapidement de nouvelles comp\u00e9tences et connaissances. responsabilit\u00e9s.<\/p>\n<p>Food and beverage services, hospitality and tourism, and recreation and entertainment employers will be particularly looking for skilled people to add to their teams.<\/p>\n<p>There are five sectors within the tourism and hospitality industry in Canada:<\/p>\n<ul>\n<li>Accommodation &#8211; hotels, motels, and other short-term and overnight accommodation<\/li>\n<li>Food and Beverage &#8211; restaurants, pubs, cafes and bars<\/li>\n<li>Recreation and Entertainment &#8211; tourist attractions, ski hills, museums, sports and entertainment facilities<\/li>\n<li>Transportation &#8211; passenger and sightseeing transportation by air, water, rail, or vehicle<\/li>\n<li>Travel Service &#8211; coordinating and planning business and leisure travel, such as travel agents, destination marketing organizations, and visitor services<\/li>\n<\/ul>\n          <\/div>\r\n        \r\n              <\/div>\r\n        <\/div>\r\n  <\/div>\r\n\r\n  <\/div><\/div><\/div><div id=\"accounting-and-finance\" class=\"inner-row row type vc_custom_1678849254184\"><div class=\"inner-col col col-sm-12\"><div class=\"inner-wrap\">\r\n  <div class=\"obj-content np-img sm\" >\r\n    <div class=\"obj-inner\">\r\n        \r\n          <div class=\"obj-figure\">\r\n        <img decoding=\"async\" src=\"https:\/\/fastcanada.ca\/wp-content\/uploads\/2023\/03\/finance.svg\" class=\"obj-img obj-cover attachment-full\" alt=\"\" title=\"finance\" \/>      <\/div>\r\n    \r\n    \r\n     \r\n      <div class=\"obj-box\">\r\n         \r\n          <div class=\"obj-header\">\r\n            <h2 class=\"obj-title\">Comptabilit\u00e9 et Finance <\/h2>\r\n          <\/div>\r\n            \r\n                  <div class=\"obj-context\">\r\n            <p>The financial services sector is one of the crucial drivers of the Canadian economy, accounting for as much as 4.5 percent of total employment in Canada and 7.1 percent of the country\u2019s Gross Domestic Product in 2017.<\/p>\n<p>Additionally, the Federal Government of Canada projected almost 100,000 newly available positions in the role of \u201cfinancial auditors and accountants\u201d, with a further 80,000 positions available for bookkeepers becoming available from 2017-2026.<\/p>\n<p>Tout le contenu des modules FAST Accounting &amp; Finance a \u00e9t\u00e9 pr\u00e9par\u00e9 par Future Skills Centre Project dans le cadre d&#039;un partenariat entre l&#039;Immigrant Employment Council of BC (IEC-BC) et les Chartered Professional Accountants of British Columbia (CPABC).<\/p>\n<p>Visit CPA Canada\u2019s International Credential Recognition website to learn more on how newcomers can receive a Chartered Professional Accountant (CPA) designation in Canada.<\/p>\n          <\/div>\r\n        \r\n              <\/div>\r\n        <\/div>\r\n  <\/div>\r\n\r\n  <\/div><\/div><\/div><div id=\"seniors-care\" class=\"inner-row row type\"><div class=\"inner-col col col-sm-12\"><div class=\"inner-wrap\">\r\n  <div class=\"obj-content np-img\" >\r\n    <div class=\"obj-inner\">\r\n        \r\n          <div class=\"obj-figure\">\r\n        <img decoding=\"async\" src=\"https:\/\/fastcanada.ca\/wp-content\/uploads\/2023\/03\/seniors.svg\" class=\"obj-img obj-cover attachment-full\" alt=\"\" title=\"personnes \u00e2g\u00e9es\" \/>      <\/div>\r\n    \r\n    \r\n     \r\n      <div class=\"obj-box\">\r\n         \r\n          <div class=\"obj-header\">\r\n            <h2 class=\"obj-title\">Soins aux personnes \u00e2g\u00e9es <\/h2>\r\n          <\/div>\r\n            \r\n                  <div class=\"obj-context\">\r\n            <p>FAST Seniors Care is currently available only to those currently residing in British Columbia.<\/p>\n<p>Alors que la grande majorit\u00e9 des personnes \u00e2g\u00e9es de la Colombie-Britannique \u2013 environ 93% \u2013 vivent de fa\u00e7on autonome, celles qui ne peuvent plus faire face aux activit\u00e9s de la vie quotidienne en raison de probl\u00e8mes de sant\u00e9 ou d&#039;une maladie grave doivent trouver des services de soins et de soutien.<\/p>\n<p>Les soins et la vie des personnes \u00e2g\u00e9es se pr\u00e9parent \u00e0 devenir l&#039;un des secteurs \u00e0 la croissance la plus rapide de l&#039;\u00e9conomie de la Colombie-Britannique au cours des cinq prochaines ann\u00e9es. Cette croissance s&#039;accompagnera de 32 600 cr\u00e9ations d&#039;emplois en soins infirmiers et en soins de longue dur\u00e9e au cours des 10 prochaines ann\u00e9es.<\/p>\n<p>Le secteur des soins et des r\u00e9sidences pour personnes \u00e2g\u00e9es offre divers cheminements de carri\u00e8re aux nouveaux arrivants en Colombie-Britannique et au Canada dans des r\u00f4les cliniques et non cliniques dans divers contextes de soins, y compris les foyers de soins de longue dur\u00e9e, les r\u00e9sidences-services, les logements avec services de soutien, les r\u00e9sidences pour personnes autonomes, ainsi que que les r\u00e9sidences pour personnes \u00e2g\u00e9es.<\/p>\n<p>Bien que les assistants en soins de sant\u00e9 (HCA), les infirmi\u00e8res autoris\u00e9es (IA) et les infirmi\u00e8res auxiliaires autoris\u00e9es (IAA) repr\u00e9sentent la majorit\u00e9 des r\u00f4les cliniques dans les organisations de soins aux personnes \u00e2g\u00e9es, les professionnels param\u00e9dicaux tels que les physioth\u00e9rapeutes (PT), les ergoth\u00e9rapeutes (OT), les assistants en loisirs th\u00e9rapeutiques, les assistants en r\u00e9adaptation, les travailleurs sociaux et les di\u00e9t\u00e9tistes\/nutritionnistes fournissent des services de sant\u00e9 vitaux aux r\u00e9sidents.<\/p>\n<p>In addition to clinical roles, support services workers are also in demand. Healthcare support workers, home health companions, cooks, chefs, dietary aides, janitors, housekeeping, and laundry aides are just some of the roles care homes are looking to hire workers for to better support the delivery of care and support services to their clients.<\/p>\n<p>Les foyers de soins et de vie pour personnes \u00e2g\u00e9es emploient \u00e9galement des employ\u00e9s de bureau comme des r\u00e9ceptionnistes et des adjoints administratifs pour superviser les fonctions administratives quotidiennes sur leurs sites. Il existe \u00e9galement de nombreux r\u00f4les commerciaux et administratifs, dans des domaines tels que le marketing, la finance, les ressources humaines, etc.<\/p>\n          <\/div>\r\n        \r\n              <\/div>\r\n        <\/div>\r\n  <\/div>\r\n\r\n  <\/div><\/div><\/div><div id=\"Prepare-for-Work-in-Canada\" class=\"inner-row row type\"><div class=\"inner-col col col-sm-12\"><div class=\"inner-wrap\">\r\n  <div class=\"obj-content ul-600 ul-check np-img\" >\r\n    <div class=\"obj-inner\">\r\n        \r\n    \r\n    \r\n     \r\n      <div class=\"obj-box\">\r\n         \r\n          <div class=\"obj-header\">\r\n            <h2 class=\"obj-title\">Prepare for Work in Canada <small>NEW Standalone Module<\/small><\/h2>\r\n          <\/div>\r\n            \r\n                  <div class=\"obj-context\">\r\n            <p>The <strong>\u2018Prepare for Work in Canada\u2019<\/strong> module in Facilitating Access to Skilled Talent (FAST) is designed to give learners an introduction to Canadian workplace culture, employer expectations, and the skills required to successfully integrate into the Canadian labour market. It provides introductory lessons to key information newcomers should know as you begin to work in Canada and plan for your career success.<\/p>\n<p>With FAST\u2019s free Prepare for Work in Canada module, you can:<\/p>\n<ul>\n<li>Discover the importance of adaptability in the workplace<\/li>\n<li>Learn to recognize the value of knowing your skills<\/li>\n<li>Identify the importance of interpersonal skills within occupational success<\/li>\n<li>Understand the key legal aspects of working in Canada<\/li>\n<li>Help overcome barriers posed by culture unfamiliarity<\/li>\n<li>Learn about the best ways to communicate at work<\/li>\n<\/ul>\n<p>All newcomers to Canada are eligible to accelerate their employment!<\/p>\n          <\/div>\r\n        \r\n              <\/div>\r\n        <\/div>\r\n  <\/div>\r\n\r\n  <\/div><\/div><\/div><\/div><\/div><\/section><section id=\"future-scope\" class=\"row type\"><div class=\"col col-sm-12\"><div class=\"wrap\">\r\n  <div class=\"obj-content bg-primary center\" >\r\n    <div class=\"obj-inner\">\r\n        \r\n    \r\n    \r\n     \r\n      <div class=\"obj-box\">\r\n         \r\n          <div class=\"obj-header\">\r\n            <h2 class=\"obj-title\">Vous ne trouvez pas ce que vous cherchez? <\/h2>\r\n          <\/div>\r\n            \r\n                  <div class=\"obj-context\">\r\n            <p>FAST esp\u00e8re continuer \u00e0 se d\u00e9velopper dans d&#039;autres secteurs afin de mieux pr\u00e9parer les immigrants les plus qualifi\u00e9s \u00e0 trouver plus rapidement un emploi dans leur secteur\u00a0! Nous serions ravis de savoir quels secteurs vous aimeriez voir inclus dans le programme FAST.<\/p>\n<p>Envoyez-nous un courriel \u00e0 <strong><a href=\"&#x6d;&#x61;&#105;&#108;to&#x3a;&#x66;&#x61;&#115;tc&#x61;&#x6e;&#x61;&#100;&#97;&#64;&#x69;&#x65;&#x63;&#98;&#99;&#46;&#x63;&#x61;\">&#x66;&#97;&#115;&#x74;&#x63;&#97;&#110;&#x61;&#x64;&#97;&#64;&#x69;&#x65;&#99;&#98;&#x63;&#x2e;&#99;&#97;\u00a0<\/a><\/strong><\/p>\n          <\/div>\r\n        \r\n              <\/div>\r\n        <\/div>\r\n  <\/div>\r\n\r\n  <\/div><\/div><\/section>","protected":false},"excerpt":{"rendered":"FAST Sector Streams The FAST Program provides competency assessments and industry information in the following six sectors: Skilled Trades \u00a0(Temporarily Unavailable - Curriculum Updates in Progress) Culinary Arts Biotech &amp; Life Sciences Accounting &amp; Finance IT &amp; Data Services Seniors Care Currently only available to residents of British Columbia \u00a0Prepare for Work in Canada\u00a0 NEW [...]","protected":false},"author":8,"featured_media":0,"parent":0,"menu_order":2,"comment_status":"closed","ping_status":"closed","template":"","meta":{"_acf_changed":false,"footnotes":""},"class_list":["post-14","page","type-page","status-publish","hentry"],"acf":[],"_links":{"self":[{"href":"https:\/\/fastcanada.ca\/fr\/wp-json\/wp\/v2\/pages\/14","targetHints":{"allow":["GET"]}}],"collection":[{"href":"https:\/\/fastcanada.ca\/fr\/wp-json\/wp\/v2\/pages"}],"about":[{"href":"https:\/\/fastcanada.ca\/fr\/wp-json\/wp\/v2\/types\/page"}],"author":[{"embeddable":true,"href":"https:\/\/fastcanada.ca\/fr\/wp-json\/wp\/v2\/users\/8"}],"replies":[{"embeddable":true,"href":"https:\/\/fastcanada.ca\/fr\/wp-json\/wp\/v2\/comments?post=14"}],"version-history":[{"count":22,"href":"https:\/\/fastcanada.ca\/fr\/wp-json\/wp\/v2\/pages\/14\/revisions"}],"predecessor-version":[{"id":1245,"href":"https:\/\/fastcanada.ca\/fr\/wp-json\/wp\/v2\/pages\/14\/revisions\/1245"}],"wp:attachment":[{"href":"https:\/\/fastcanada.ca\/fr\/wp-json\/wp\/v2\/media?parent=14"}],"curies":[{"name":"wp","href":"https:\/\/api.w.org\/{rel}","templated":true}]}}