{"id":10,"date":"2023-03-03T21:25:15","date_gmt":"2023-03-04T02:25:15","guid":{"rendered":"https:\/\/fastcanada.ca\/?page_id=10"},"modified":"2023-08-22T14:38:51","modified_gmt":"2023-08-22T21:38:51","slug":"about","status":"publish","type":"page","link":"https:\/\/fastcanada.ca\/fr\/about\/","title":{"rendered":"\u00c0 propos"},"content":{"rendered":"<section id=\"about\" class=\"row fw\"><div class=\"col col-sm-12\"><div class=\"wrap\">\r\n  <div class=\"obj-content ul-600 ul-check np-img\" >\r\n    <div class=\"obj-inner\">\r\n        \r\n          <div class=\"obj-figure\">\r\n        <img decoding=\"async\" src=\"https:\/\/fastcanada.ca\/wp-content\/uploads\/2023\/03\/about-hero.svg\" class=\"obj-img obj-cover attachment-full\" alt=\"\" title=\"\u00e0 propos du h\u00e9ros\" \/>      <\/div>\r\n    \r\n    \r\n     \r\n      <div class=\"obj-box\">\r\n         \r\n          <div class=\"obj-header\">\r\n            <h1 class=\"obj-title\">\u00c0 propos de EXPRES Canada <\/h1>\r\n          <\/div>\r\n            \r\n                  <div class=\"obj-context\">\r\n            <p>The FAST Program helps immigrants launch their careers in Canada by offering free, online, and self-paced employment preparation in six key sectors. Through the FAST assessments, immigrants can better understand how their past work experiences and training compare with Canadian standards in their sector.<\/p>\n<p>En tant qu&#039;immigrant qualifi\u00e9, FAST aide les immigrants au Canada \u00e0 surmonter les d\u00e9fis li\u00e9s \u00e0 l&#039;emploi tels que\u00a0:<\/p>\n<ul>\n<li>Unfamiliarity with the Canadian workplace<\/li>\n<li>Lack of \u2018Canadian work experience\u2019<\/li>\n<li>Job search challenges<\/li>\n<li>Lack of professional contacts and networks<\/li>\n<\/ul>\n<p>&nbsp;<\/p>\n<p>Despite the increase in immigrant talent joining the workforce, newcomers to Canada are continually still more likely to be overqualified for their positions<em>.<\/em><\/p>\n<p>FAST helps immigrants get ready for employment in Canada by making it easier to translate their past experiences and education to industry standards and to better understand the Canadian labour market.<\/p>\n<p>Canadian employers comparatively have reported challenges in finding and recognizing trained, qualified talent which reflects the need for continued developments in connecting immigrant talent with employers in their sector.<\/p>\n<p>Through FAST, Canadian employers can feel more confident in hiring knowing that they will have access to experienced, skilled, pre-assessed and qualified individuals ready for work in Canada.<\/p>\n          <\/div>\r\n        \r\n              <\/div>\r\n        <\/div>\r\n  <\/div>\r\n\r\n  \r\n  <div class=\"obj-image\">\r\n    <div class=\"obj-inner\">\r\n          <div class=\"obj-figure\">\r\n        <img decoding=\"async\" src=\"https:\/\/fastcanada.ca\/wp-content\/uploads\/2023\/03\/about-shape.svg\" class=\"obj-img attachment-full\" alt=\"\" title=\"en forme\" \/>      <\/div>\r\n        <\/div>\r\n  <\/div>\r\n\r\n  <\/div><\/div><\/section>","protected":false},"excerpt":{"rendered":"About FAST Canada The FAST Program helps immigrants launch their careers in Canada by offering free, online, and self-paced employment preparation in six key sectors. Through the FAST assessments, immigrants can better understand how their past work experiences and training compare with Canadian standards in their sector. As a skilled immigrant, FAST helps immigrants in [...]","protected":false},"author":8,"featured_media":0,"parent":0,"menu_order":2,"comment_status":"closed","ping_status":"closed","template":"","meta":{"_acf_changed":false,"footnotes":""},"class_list":["post-10","page","type-page","status-publish","hentry"],"acf":[],"_links":{"self":[{"href":"https:\/\/fastcanada.ca\/fr\/wp-json\/wp\/v2\/pages\/10","targetHints":{"allow":["GET"]}}],"collection":[{"href":"https:\/\/fastcanada.ca\/fr\/wp-json\/wp\/v2\/pages"}],"about":[{"href":"https:\/\/fastcanada.ca\/fr\/wp-json\/wp\/v2\/types\/page"}],"author":[{"embeddable":true,"href":"https:\/\/fastcanada.ca\/fr\/wp-json\/wp\/v2\/users\/8"}],"replies":[{"embeddable":true,"href":"https:\/\/fastcanada.ca\/fr\/wp-json\/wp\/v2\/comments?post=10"}],"version-history":[{"count":12,"href":"https:\/\/fastcanada.ca\/fr\/wp-json\/wp\/v2\/pages\/10\/revisions"}],"predecessor-version":[{"id":1031,"href":"https:\/\/fastcanada.ca\/fr\/wp-json\/wp\/v2\/pages\/10\/revisions\/1031"}],"wp:attachment":[{"href":"https:\/\/fastcanada.ca\/fr\/wp-json\/wp\/v2\/media?parent=10"}],"curies":[{"name":"wp","href":"https:\/\/api.w.org\/{rel}","templated":true}]}}